{"id":45896,"date":"2023-12-12T10:50:13","date_gmt":"2023-12-12T09:50:13","guid":{"rendered":"https:\/\/pet-shopping.de\/shop\/produkt\/trixie-spielstab-mit-lederbaendchen\/"},"modified":"2023-12-12T10:50:18","modified_gmt":"2023-12-12T09:50:18","slug":"trixie-spielstab-mit-lederbaendchen","status":"publish","type":"product","link":"https:\/\/all-pets.de\/shop\/produkt\/trixie-spielstab-mit-lederbaendchen\/","title":{"rendered":"Trixie Spielstab mit Lederb\u00e4ndchen"},"content":{"rendered":"<p>Dieser Stab mit Lederb\u00e4ndchen ist ideal f\u00fcr das Spiel zwischen Mensch und Tier. Sie wecken mit der Bewegung der bunten B\u00e4nder den Jagdtrieb Ihrer Katze und k\u00f6nnen sich so lange mit dem Tier besch\u00e4ftigen.<\/p>\n<p>\u00a0<\/p>\n<p>Das Spiel mit dem Menschen f\u00f6rdert bei Ihrer Katze das Gef\u00fchl der Zusammengeh\u00f6rigkeit.<\/p>\n<p>L\u00e4nge des Stabes: 50 cm<br \/> L\u00e4nge inkl. der Lederb\u00e4ndchen: 70 cm<\/p>\n","protected":false},"excerpt":{"rendered":"<p>Dieser Stab mit Lederb\u00e4ndchen ist ideal f\u00fcr das Spiel zwischen Mensch und Tier. Sie wecken mit der Bewegung der bunten B\u00e4nder den Jagdtrieb Ihrer Katze und k\u00f6nnen sich so lange mit dem Tier besch\u00e4ftigen. \u00a0 Das Spiel mit dem Menschen f\u00f6rdert bei Ihrer Katze das Gef\u00fchl der Zusammengeh\u00f6rigkeit. L\u00e4nge des Stabes: 50 cm L\u00e4nge inkl. [&hellip;]<\/p>\n","protected":false},"featured_media":26409,"comment_status":"closed","ping_status":"open","template":"","meta":[],"product_cat":[13881],"product_tag":[],"class_list":{"0":"post-45896","1":"product","2":"type-product","3":"status-publish","4":"has-post-thumbnail","6":"product_cat-katzenspielangeln-co-katzenspielzeug","8":"first","9":"instock","10":"taxable","11":"shipping-taxable","12":"purchasable","13":"product-type-simple"},"_links":{"self":[{"href":"https:\/\/all-pets.de\/shop\/wp-json\/wp\/v2\/product\/45896","targetHints":{"allow":["GET"]}}],"collection":[{"href":"https:\/\/all-pets.de\/shop\/wp-json\/wp\/v2\/product"}],"about":[{"href":"https:\/\/all-pets.de\/shop\/wp-json\/wp\/v2\/types\/product"}],"replies":[{"embeddable":true,"href":"https:\/\/all-pets.de\/shop\/wp-json\/wp\/v2\/comments?post=45896"}],"wp:featuredmedia":[{"embeddable":true,"href":"https:\/\/all-pets.de\/shop\/wp-json\/wp\/v2\/media\/26409"}],"wp:attachment":[{"href":"https:\/\/all-pets.de\/shop\/wp-json\/wp\/v2\/media?parent=45896"}],"wp:term":[{"taxonomy":"product_cat","embeddable":true,"href":"https:\/\/all-pets.de\/shop\/wp-json\/wp\/v2\/product_cat?post=45896"},{"taxonomy":"product_tag","embeddable":true,"href":"https:\/\/all-pets.de\/shop\/wp-json\/wp\/v2\/product_tag?post=45896"}],"curies":[{"name":"wp","href":"https:\/\/api.w.org\/{rel}","templated":true}]}}