{"id":45897,"date":"2023-12-12T10:50:13","date_gmt":"2023-12-12T09:50:13","guid":{"rendered":"https:\/\/pet-shopping.de\/shop\/produkt\/trixie-filz-maus-zum-aufziehen-7-cm\/"},"modified":"2023-12-12T10:50:18","modified_gmt":"2023-12-12T09:50:18","slug":"trixie-filz-maus-zum-aufziehen-7-cm","status":"publish","type":"product","link":"https:\/\/all-pets.de\/shop\/produkt\/trixie-filz-maus-zum-aufziehen-7-cm\/","title":{"rendered":"Trixie Filz-Maus zum Aufziehen &#8211; 7 cm"},"content":{"rendered":"<p>Diese Aufzieh-Maus weckt den nat\u00fcrlichen Jagdinstinkt Ihrer Katze. Sie sorgt f\u00fcr einen langen Spielspa\u00df f\u00fcr Ihre Samtpfote.<\/p>\n<p>Gr\u00f6\u00dfe: ca. 7 cm<\/p>\n<p>Farbe: Wei\u00df, Grau oder Schwarz<\/p>\n<p><font size=\"1\">(Eine Farbwahl ist leider nicht m\u00f6glich, da die Farbe je nach Lagerbestand gew\u00e4hlt wird.)<\/font><\/p>\n<p>\u00a0<\/p>\n","protected":false},"excerpt":{"rendered":"<p>Diese Aufzieh-Maus weckt den nat\u00fcrlichen Jagdinstinkt Ihrer Katze. Sie sorgt f\u00fcr einen langen Spielspa\u00df f\u00fcr Ihre Samtpfote. Gr\u00f6\u00dfe: ca. 7 cm Farbe: Wei\u00df, Grau oder Schwarz (Eine Farbwahl ist leider nicht m\u00f6glich, da die Farbe je nach Lagerbestand gew\u00e4hlt wird.) \u00a0<\/p>\n","protected":false},"featured_media":26411,"comment_status":"closed","ping_status":"open","template":"","meta":[],"product_cat":[13752],"product_tag":[],"class_list":{"0":"post-45897","1":"product","2":"type-product","3":"status-publish","4":"has-post-thumbnail","6":"product_cat-katzenspielmaeuse-katzenspielzeug","8":"first","9":"instock","10":"taxable","11":"shipping-taxable","12":"purchasable","13":"product-type-simple"},"_links":{"self":[{"href":"https:\/\/all-pets.de\/shop\/wp-json\/wp\/v2\/product\/45897","targetHints":{"allow":["GET"]}}],"collection":[{"href":"https:\/\/all-pets.de\/shop\/wp-json\/wp\/v2\/product"}],"about":[{"href":"https:\/\/all-pets.de\/shop\/wp-json\/wp\/v2\/types\/product"}],"replies":[{"embeddable":true,"href":"https:\/\/all-pets.de\/shop\/wp-json\/wp\/v2\/comments?post=45897"}],"wp:featuredmedia":[{"embeddable":true,"href":"https:\/\/all-pets.de\/shop\/wp-json\/wp\/v2\/media\/26411"}],"wp:attachment":[{"href":"https:\/\/all-pets.de\/shop\/wp-json\/wp\/v2\/media?parent=45897"}],"wp:term":[{"taxonomy":"product_cat","embeddable":true,"href":"https:\/\/all-pets.de\/shop\/wp-json\/wp\/v2\/product_cat?post=45897"},{"taxonomy":"product_tag","embeddable":true,"href":"https:\/\/all-pets.de\/shop\/wp-json\/wp\/v2\/product_tag?post=45897"}],"curies":[{"name":"wp","href":"https:\/\/api.w.org\/{rel}","templated":true}]}}