{"id":45900,"date":"2023-12-12T10:50:13","date_gmt":"2023-12-12T09:50:13","guid":{"rendered":"https:\/\/pet-shopping.de\/shop\/produkt\/trixie-kitty-dangler-spielangel-mit-maus-100-cm\/"},"modified":"2023-12-12T10:50:18","modified_gmt":"2023-12-12T09:50:18","slug":"trixie-kitty-dangler-spielangel-mit-maus-100-cm","status":"publish","type":"product","link":"https:\/\/all-pets.de\/shop\/produkt\/trixie-kitty-dangler-spielangel-mit-maus-100-cm\/","title":{"rendered":"Trixie Kitty-Dangler Spielangel mit Maus &#8211; 100 cm"},"content":{"rendered":"<p>Diese Spielangel garantiert stundenlanges Spielvergn\u00fcgen. Die Pl\u00fcschmaus, die am Gummiband befestigt ist, regt den Jagdinstinkt Ihrer Katze an. <\/p>\n<p> Der Stab besteht bei dieser Angel aus 2 H\u00e4lften, die ineinander gesteckt werden. So kann die Angel bei Nichtgebrauch platzsparend verstaut werden.<\/p>\n<p>Gesamtl\u00e4nge des Stabs: ca. 100 cm<\/p>\n<p>Verschiedene Farben verf\u00fcgbar. Eine Farbwahl ist leider nicht m\u00f6glich.<\/p>\n","protected":false},"excerpt":{"rendered":"<p>Diese Spielangel garantiert stundenlanges Spielvergn\u00fcgen. Die Pl\u00fcschmaus, die am Gummiband befestigt ist, regt den Jagdinstinkt Ihrer Katze an. Der Stab besteht bei dieser Angel aus 2 H\u00e4lften, die ineinander gesteckt werden. So kann die Angel bei Nichtgebrauch platzsparend verstaut werden. Gesamtl\u00e4nge des Stabs: ca. 100 cm Verschiedene Farben verf\u00fcgbar. Eine Farbwahl ist leider nicht m\u00f6glich.<\/p>\n","protected":false},"featured_media":45901,"comment_status":"closed","ping_status":"open","template":"","meta":[],"product_cat":[14230],"product_tag":[],"class_list":{"0":"post-45900","1":"product","2":"type-product","3":"status-publish","4":"has-post-thumbnail","6":"product_cat-katzenspielmaeuse-katzenspielzeug-katzenspielangeln-cokatzenwelt","8":"first","9":"instock","10":"taxable","11":"shipping-taxable","12":"purchasable","13":"product-type-simple"},"_links":{"self":[{"href":"https:\/\/all-pets.de\/shop\/wp-json\/wp\/v2\/product\/45900","targetHints":{"allow":["GET"]}}],"collection":[{"href":"https:\/\/all-pets.de\/shop\/wp-json\/wp\/v2\/product"}],"about":[{"href":"https:\/\/all-pets.de\/shop\/wp-json\/wp\/v2\/types\/product"}],"replies":[{"embeddable":true,"href":"https:\/\/all-pets.de\/shop\/wp-json\/wp\/v2\/comments?post=45900"}],"wp:featuredmedia":[{"embeddable":true,"href":"https:\/\/all-pets.de\/shop\/wp-json\/wp\/v2\/media\/45901"}],"wp:attachment":[{"href":"https:\/\/all-pets.de\/shop\/wp-json\/wp\/v2\/media?parent=45900"}],"wp:term":[{"taxonomy":"product_cat","embeddable":true,"href":"https:\/\/all-pets.de\/shop\/wp-json\/wp\/v2\/product_cat?post=45900"},{"taxonomy":"product_tag","embeddable":true,"href":"https:\/\/all-pets.de\/shop\/wp-json\/wp\/v2\/product_tag?post=45900"}],"curies":[{"name":"wp","href":"https:\/\/api.w.org\/{rel}","templated":true}]}}