{"id":45904,"date":"2023-12-12T10:50:13","date_gmt":"2023-12-12T09:50:13","guid":{"rendered":"https:\/\/pet-shopping.de\/shop\/produkt\/trixie-laserpointer-catch-the-light\/"},"modified":"2023-12-12T10:50:19","modified_gmt":"2023-12-12T09:50:19","slug":"trixie-laserpointer-catch-the-light","status":"publish","type":"product","link":"https:\/\/all-pets.de\/shop\/produkt\/trixie-laserpointer-catch-the-light\/","title":{"rendered":"Trixie Laserpointer Catch the Light"},"content":{"rendered":"<p>Mit diesem Laserpointer k\u00f6nnen sie Ihre Katze zu ver\u00fcckten Spielen hinreissen lassen.<\/p>\n<div>Katzen jagen gerne und bei diesem Spielzeug k\u00f6nnen sie Ihren Jagdtrieb voll ausleben.\u00a0 Durch den roten Punkt dirigieren Sie die Katze dorthin, wo sie es m\u00f6chten.<\/p>\n<p>Ein Spielzeug, wo die ganze Familie Spass dran haben wird.<\/p>\n<p>Im Lieferumfang sind 3 Batterien enthalten. Die Farbe des Produktes kann von der Abbildung abweichen.<\/p>\n<p><strong>Achtung: Bitte nicht in die Augen leuchten, das dieses zu Gesundheitssch\u00e4den f\u00fchren kann.<br \/> <\/strong><\/div>\n","protected":false},"excerpt":{"rendered":"<p>Mit diesem Laserpointer k\u00f6nnen sie Ihre Katze zu ver\u00fcckten Spielen hinreissen lassen. Katzen jagen gerne und bei diesem Spielzeug k\u00f6nnen sie Ihren Jagdtrieb voll ausleben.\u00a0 Durch den roten Punkt dirigieren Sie die Katze dorthin, wo sie es m\u00f6chten. Ein Spielzeug, wo die ganze Familie Spass dran haben wird. Im Lieferumfang sind 3 Batterien enthalten. Die [&hellip;]<\/p>\n","protected":false},"featured_media":26437,"comment_status":"closed","ping_status":"open","template":"","meta":[],"product_cat":[14231],"product_tag":[],"class_list":{"0":"post-45904","1":"product","2":"type-product","3":"status-publish","4":"has-post-thumbnail","6":"product_cat-weitere-spielzeuge-katzenspielzeug-katzenspielmaeusekatzenwelt","8":"first","9":"instock","10":"taxable","11":"shipping-taxable","12":"purchasable","13":"product-type-simple"},"_links":{"self":[{"href":"https:\/\/all-pets.de\/shop\/wp-json\/wp\/v2\/product\/45904","targetHints":{"allow":["GET"]}}],"collection":[{"href":"https:\/\/all-pets.de\/shop\/wp-json\/wp\/v2\/product"}],"about":[{"href":"https:\/\/all-pets.de\/shop\/wp-json\/wp\/v2\/types\/product"}],"replies":[{"embeddable":true,"href":"https:\/\/all-pets.de\/shop\/wp-json\/wp\/v2\/comments?post=45904"}],"wp:featuredmedia":[{"embeddable":true,"href":"https:\/\/all-pets.de\/shop\/wp-json\/wp\/v2\/media\/26437"}],"wp:attachment":[{"href":"https:\/\/all-pets.de\/shop\/wp-json\/wp\/v2\/media?parent=45904"}],"wp:term":[{"taxonomy":"product_cat","embeddable":true,"href":"https:\/\/all-pets.de\/shop\/wp-json\/wp\/v2\/product_cat?post=45904"},{"taxonomy":"product_tag","embeddable":true,"href":"https:\/\/all-pets.de\/shop\/wp-json\/wp\/v2\/product_tag?post=45904"}],"curies":[{"name":"wp","href":"https:\/\/api.w.org\/{rel}","templated":true}]}}