{"id":45906,"date":"2023-12-12T10:50:21","date_gmt":"2023-12-12T09:50:21","guid":{"rendered":"https:\/\/pet-shopping.de\/shop\/produkt\/trixie-snacky-snackball-fuer-katzen-7-cm\/"},"modified":"2023-12-12T10:50:21","modified_gmt":"2023-12-12T09:50:21","slug":"trixie-snacky-snackball-fuer-katzen-7-cm","status":"publish","type":"product","link":"https:\/\/all-pets.de\/shop\/produkt\/trixie-snacky-snackball-fuer-katzen-7-cm\/","title":{"rendered":"Trixie Snacky Snackball f\u00fcr Katzen &#8211; 7 cm"},"content":{"rendered":"<p>Der Snack Ball f\u00fcr Katzen bietet stundenlanges Spielvergn\u00fcgen.<\/p>\n<div class=\"rtfData\">\n<p>Verstecken Sie im Innern des Balls die Lieblingsleckerbissen Ihrer Katze. Nach und nach werden diese Leckereien durch eine \u00d6ffnung wieder herausfallen. Die Neugier und der Jagdtrieb der Katze werden geweckt und sie wird keine Ruhe geben, bis nicht auch der letzte Leckerbissen aus dem Ball herausgefallen ist. <\/p>\n<p>Die \u00d6ffnung des Balls ist je nach Gr\u00f6\u00dfe des Leckerbissens leicht zu verstellen und der Ball selbst besteht aus robustem leicht zu reinigendem Kunststoff. &#8222;Snacky&#8220; f\u00fcr Katzen, 7 cm<\/p>\n<p>Es gibt den Snack Ball in verschiedenen Farben. Eine Farbwahl ist leider nicht m\u00f6glich. Wir versenden je nach Lagerbestand.<\/p>\n<\/div>\n","protected":false},"excerpt":{"rendered":"<p>Der Snack Ball f\u00fcr Katzen bietet stundenlanges Spielvergn\u00fcgen. Verstecken Sie im Innern des Balls die Lieblingsleckerbissen Ihrer Katze. Nach und nach werden diese Leckereien durch eine \u00d6ffnung wieder herausfallen. Die Neugier und der Jagdtrieb der Katze werden geweckt und sie wird keine Ruhe geben, bis nicht auch der letzte Leckerbissen aus dem Ball herausgefallen ist. [&hellip;]<\/p>\n","protected":false},"featured_media":26446,"comment_status":"closed","ping_status":"open","template":"","meta":[],"product_cat":[14233],"product_tag":[],"class_list":{"0":"post-45906","1":"product","2":"type-product","3":"status-publish","4":"has-post-thumbnail","6":"product_cat-intelligenz-spielzeug-katzenspielzeug-katzenbaellekatzenwelt","8":"first","9":"instock","10":"taxable","11":"shipping-taxable","12":"purchasable","13":"product-type-simple"},"_links":{"self":[{"href":"https:\/\/all-pets.de\/shop\/wp-json\/wp\/v2\/product\/45906","targetHints":{"allow":["GET"]}}],"collection":[{"href":"https:\/\/all-pets.de\/shop\/wp-json\/wp\/v2\/product"}],"about":[{"href":"https:\/\/all-pets.de\/shop\/wp-json\/wp\/v2\/types\/product"}],"replies":[{"embeddable":true,"href":"https:\/\/all-pets.de\/shop\/wp-json\/wp\/v2\/comments?post=45906"}],"wp:featuredmedia":[{"embeddable":true,"href":"https:\/\/all-pets.de\/shop\/wp-json\/wp\/v2\/media\/26446"}],"wp:attachment":[{"href":"https:\/\/all-pets.de\/shop\/wp-json\/wp\/v2\/media?parent=45906"}],"wp:term":[{"taxonomy":"product_cat","embeddable":true,"href":"https:\/\/all-pets.de\/shop\/wp-json\/wp\/v2\/product_cat?post=45906"},{"taxonomy":"product_tag","embeddable":true,"href":"https:\/\/all-pets.de\/shop\/wp-json\/wp\/v2\/product_tag?post=45906"}],"curies":[{"name":"wp","href":"https:\/\/api.w.org\/{rel}","templated":true}]}}