{"id":45907,"date":"2023-12-12T10:50:21","date_gmt":"2023-12-12T09:50:21","guid":{"rendered":"https:\/\/pet-shopping.de\/shop\/produkt\/trixie-plueschmaus-mit-schelle\/"},"modified":"2023-12-12T10:50:21","modified_gmt":"2023-12-12T09:50:21","slug":"trixie-plueschmaus-mit-schelle","status":"publish","type":"product","link":"https:\/\/all-pets.de\/shop\/produkt\/trixie-plueschmaus-mit-schelle\/","title":{"rendered":"Trixie Pl\u00fcschmaus mit Schelle"},"content":{"rendered":"<div id=\"test_product_longdesc\">\n<p>Egal ob gro\u00df oder klein, eine Spielmaus ist bei jeder Katze beliebt. Die Katze erh\u00e4lt ein stundenlanges Spielvergn\u00fcgen.\u00a0 <\/p>\n<p>Mit Gl\u00f6ckchen.<\/p>\n<p>Gr\u00f6\u00dfe: ca. 5 cm (ohne Schwanz)<\/p>\n<p>Inhalt: 1 St\u00fcck<\/p>\n<p>Diverse Farben<\/p>\n<p><font size=\"1\">(Eine Farbwahl ist leider nicht m\u00f6glich, da die Farbe je nach Lagerbestand gew\u00e4hlt wird.)\u00a0\u00a0 <\/font> <\/p>\n<\/div>\n","protected":false},"excerpt":{"rendered":"<p>Egal ob gro\u00df oder klein, eine Spielmaus ist bei jeder Katze beliebt. Die Katze erh\u00e4lt ein stundenlanges Spielvergn\u00fcgen.\u00a0 Mit Gl\u00f6ckchen. Gr\u00f6\u00dfe: ca. 5 cm (ohne Schwanz) Inhalt: 1 St\u00fcck Diverse Farben (Eine Farbwahl ist leider nicht m\u00f6glich, da die Farbe je nach Lagerbestand gew\u00e4hlt wird.)\u00a0\u00a0<\/p>\n","protected":false},"featured_media":26449,"comment_status":"closed","ping_status":"open","template":"","meta":[],"product_cat":[13752],"product_tag":[],"class_list":{"0":"post-45907","1":"product","2":"type-product","3":"status-publish","4":"has-post-thumbnail","6":"product_cat-katzenspielmaeuse-katzenspielzeug","8":"first","9":"instock","10":"taxable","11":"shipping-taxable","12":"purchasable","13":"product-type-simple"},"_links":{"self":[{"href":"https:\/\/all-pets.de\/shop\/wp-json\/wp\/v2\/product\/45907","targetHints":{"allow":["GET"]}}],"collection":[{"href":"https:\/\/all-pets.de\/shop\/wp-json\/wp\/v2\/product"}],"about":[{"href":"https:\/\/all-pets.de\/shop\/wp-json\/wp\/v2\/types\/product"}],"replies":[{"embeddable":true,"href":"https:\/\/all-pets.de\/shop\/wp-json\/wp\/v2\/comments?post=45907"}],"wp:featuredmedia":[{"embeddable":true,"href":"https:\/\/all-pets.de\/shop\/wp-json\/wp\/v2\/media\/26449"}],"wp:attachment":[{"href":"https:\/\/all-pets.de\/shop\/wp-json\/wp\/v2\/media?parent=45907"}],"wp:term":[{"taxonomy":"product_cat","embeddable":true,"href":"https:\/\/all-pets.de\/shop\/wp-json\/wp\/v2\/product_cat?post=45907"},{"taxonomy":"product_tag","embeddable":true,"href":"https:\/\/all-pets.de\/shop\/wp-json\/wp\/v2\/product_tag?post=45907"}],"curies":[{"name":"wp","href":"https:\/\/api.w.org\/{rel}","templated":true}]}}