{"id":45909,"date":"2023-12-12T10:50:21","date_gmt":"2023-12-12T09:50:21","guid":{"rendered":"https:\/\/pet-shopping.de\/shop\/produkt\/trixie-adressanhaenger-verchromt-klein\/"},"modified":"2023-12-12T10:50:21","modified_gmt":"2023-12-12T09:50:21","slug":"trixie-adressanhaenger-verchromt-klein","status":"publish","type":"product","link":"https:\/\/all-pets.de\/shop\/produkt\/trixie-adressanhaenger-verchromt-klein\/","title":{"rendered":"Trixie Adressanh\u00e4nger verchromt &#8211; klein"},"content":{"rendered":"<p>Dieser Adressanh\u00e4nger enth\u00e4lt einen kleinen Zettel, auf dem die Telefonnummer und die Adresse des Hundehalters vermerkt werden k\u00f6nnen.<\/p>\n<p>Der Adressanh\u00e4nger besteht aus verchromtem Metall. Geignet f\u00fcr Hunde und Katzen.<\/p>\n<p>Gr\u00f6\u00dfe: ca. 2 cm<\/p>\n","protected":false},"excerpt":{"rendered":"<p>Dieser Adressanh\u00e4nger enth\u00e4lt einen kleinen Zettel, auf dem die Telefonnummer und die Adresse des Hundehalters vermerkt werden k\u00f6nnen. Der Adressanh\u00e4nger besteht aus verchromtem Metall. Geignet f\u00fcr Hunde und Katzen. Gr\u00f6\u00dfe: ca. 2 cm<\/p>\n","protected":false},"featured_media":26469,"comment_status":"closed","ping_status":"open","template":"","meta":[],"product_cat":[14235],"product_tag":[],"class_list":{"0":"post-45909","1":"product","2":"type-product","3":"status-publish","4":"has-post-thumbnail","6":"product_cat-hundeadressanhaenger-blinker-halsbaender-leinen-katzenadressanhaenger-blinkerhundewelt-katzenhalsbaender-geschirre","8":"first","9":"instock","10":"taxable","11":"shipping-taxable","12":"purchasable","13":"product-type-simple"},"_links":{"self":[{"href":"https:\/\/all-pets.de\/shop\/wp-json\/wp\/v2\/product\/45909","targetHints":{"allow":["GET"]}}],"collection":[{"href":"https:\/\/all-pets.de\/shop\/wp-json\/wp\/v2\/product"}],"about":[{"href":"https:\/\/all-pets.de\/shop\/wp-json\/wp\/v2\/types\/product"}],"replies":[{"embeddable":true,"href":"https:\/\/all-pets.de\/shop\/wp-json\/wp\/v2\/comments?post=45909"}],"wp:featuredmedia":[{"embeddable":true,"href":"https:\/\/all-pets.de\/shop\/wp-json\/wp\/v2\/media\/26469"}],"wp:attachment":[{"href":"https:\/\/all-pets.de\/shop\/wp-json\/wp\/v2\/media?parent=45909"}],"wp:term":[{"taxonomy":"product_cat","embeddable":true,"href":"https:\/\/all-pets.de\/shop\/wp-json\/wp\/v2\/product_cat?post=45909"},{"taxonomy":"product_tag","embeddable":true,"href":"https:\/\/all-pets.de\/shop\/wp-json\/wp\/v2\/product_tag?post=45909"}],"curies":[{"name":"wp","href":"https:\/\/api.w.org\/{rel}","templated":true}]}}