{"id":45911,"date":"2023-12-12T10:50:21","date_gmt":"2023-12-12T09:50:21","guid":{"rendered":"https:\/\/pet-shopping.de\/shop\/produkt\/trixie-2-rasselbaelle-mit-spielschwanz-4-cm\/"},"modified":"2023-12-12T10:50:21","modified_gmt":"2023-12-12T09:50:21","slug":"trixie-2-rasselbaelle-mit-spielschwanz-4-cm","status":"publish","type":"product","link":"https:\/\/all-pets.de\/shop\/produkt\/trixie-2-rasselbaelle-mit-spielschwanz-4-cm\/","title":{"rendered":"Trixie 2 Rasselb\u00e4lle mit Spielschwanz &#8211; 4 cm"},"content":{"rendered":"<p>Dieses Katzenspielzeug besteht aus 2 Rasselb\u00e4llen aus Kunststoff mit Spielschwanz.<\/p>\n<p>Mit Rasseln und Pl\u00fcschschwanz.<\/p>\n<p>Durchmesser: ca. 4 cm <\/p>\n<p>Verschiedene Farben<\/p>\n<p><font size=\"1\">(Eine Farbwahl ist leider nicht m\u00f6glich. Die Farbe wird je nach Lagerbestand gew\u00e4hlt.)<\/font>\u00a0 <\/p>\n","protected":false},"excerpt":{"rendered":"<p>Dieses Katzenspielzeug besteht aus 2 Rasselb\u00e4llen aus Kunststoff mit Spielschwanz. Mit Rasseln und Pl\u00fcschschwanz. Durchmesser: ca. 4 cm Verschiedene Farben (Eine Farbwahl ist leider nicht m\u00f6glich. Die Farbe wird je nach Lagerbestand gew\u00e4hlt.)\u00a0<\/p>\n","protected":false},"featured_media":26481,"comment_status":"closed","ping_status":"open","template":"","meta":[],"product_cat":[13808],"product_tag":[],"class_list":{"0":"post-45911","1":"product","2":"type-product","3":"status-publish","4":"has-post-thumbnail","6":"product_cat-katzenbaelle","8":"first","9":"instock","10":"taxable","11":"shipping-taxable","12":"purchasable","13":"product-type-simple"},"_links":{"self":[{"href":"https:\/\/all-pets.de\/shop\/wp-json\/wp\/v2\/product\/45911","targetHints":{"allow":["GET"]}}],"collection":[{"href":"https:\/\/all-pets.de\/shop\/wp-json\/wp\/v2\/product"}],"about":[{"href":"https:\/\/all-pets.de\/shop\/wp-json\/wp\/v2\/types\/product"}],"replies":[{"embeddable":true,"href":"https:\/\/all-pets.de\/shop\/wp-json\/wp\/v2\/comments?post=45911"}],"wp:featuredmedia":[{"embeddable":true,"href":"https:\/\/all-pets.de\/shop\/wp-json\/wp\/v2\/media\/26481"}],"wp:attachment":[{"href":"https:\/\/all-pets.de\/shop\/wp-json\/wp\/v2\/media?parent=45911"}],"wp:term":[{"taxonomy":"product_cat","embeddable":true,"href":"https:\/\/all-pets.de\/shop\/wp-json\/wp\/v2\/product_cat?post=45911"},{"taxonomy":"product_tag","embeddable":true,"href":"https:\/\/all-pets.de\/shop\/wp-json\/wp\/v2\/product_tag?post=45911"}],"curies":[{"name":"wp","href":"https:\/\/api.w.org\/{rel}","templated":true}]}}