{"id":45912,"date":"2023-12-12T10:50:21","date_gmt":"2023-12-12T09:50:21","guid":{"rendered":"https:\/\/pet-shopping.de\/shop\/produkt\/trixie-4-rasselbaelle-45-cm\/"},"modified":"2023-12-12T10:50:21","modified_gmt":"2023-12-12T09:50:21","slug":"trixie-4-rasselbaelle-45-cm","status":"publish","type":"product","link":"https:\/\/all-pets.de\/shop\/produkt\/trixie-4-rasselbaelle-45-cm\/","title":{"rendered":"Trixie 4 Rasselb\u00e4lle &#8211; 4,5 cm"},"content":{"rendered":"<p>Diese Rasselb\u00e4lle\u00a0 des Herstellers Trixie werden Ihrer Katze viel Freude bereiten. Durch das rasselnde Ger\u00e4usch wird der Spieltrieb der Katze geweckt.<\/p>\n<p>Das Set besteht aus 4 Kunststoff-B\u00e4llen in verschieden Farben. <\/p>\n<p>Mit Rassel.<\/p>\n<p>Gr\u00f6\u00dfe: ca. 4,5 cm <\/p>\n<p>Diverse Farben. <\/p>\n<p>Bei dem Bild handelt es sich um ein Farbbeispiel. Die Farbe der gelieferten Artikel kann abweichen.<\/p>\n<p>\u00a0<\/p>\n<p><\/p>\n","protected":false},"excerpt":{"rendered":"<p>Diese Rasselb\u00e4lle\u00a0 des Herstellers Trixie werden Ihrer Katze viel Freude bereiten. Durch das rasselnde Ger\u00e4usch wird der Spieltrieb der Katze geweckt. Das Set besteht aus 4 Kunststoff-B\u00e4llen in verschieden Farben. Mit Rassel. Gr\u00f6\u00dfe: ca. 4,5 cm Diverse Farben. Bei dem Bild handelt es sich um ein Farbbeispiel. Die Farbe der gelieferten Artikel kann abweichen. \u00a0<\/p>\n","protected":false},"featured_media":26483,"comment_status":"closed","ping_status":"open","template":"","meta":[],"product_cat":[13808],"product_tag":[],"class_list":{"0":"post-45912","1":"product","2":"type-product","3":"status-publish","4":"has-post-thumbnail","6":"product_cat-katzenbaelle","8":"first","9":"instock","10":"taxable","11":"shipping-taxable","12":"purchasable","13":"product-type-simple"},"_links":{"self":[{"href":"https:\/\/all-pets.de\/shop\/wp-json\/wp\/v2\/product\/45912","targetHints":{"allow":["GET"]}}],"collection":[{"href":"https:\/\/all-pets.de\/shop\/wp-json\/wp\/v2\/product"}],"about":[{"href":"https:\/\/all-pets.de\/shop\/wp-json\/wp\/v2\/types\/product"}],"replies":[{"embeddable":true,"href":"https:\/\/all-pets.de\/shop\/wp-json\/wp\/v2\/comments?post=45912"}],"wp:featuredmedia":[{"embeddable":true,"href":"https:\/\/all-pets.de\/shop\/wp-json\/wp\/v2\/media\/26483"}],"wp:attachment":[{"href":"https:\/\/all-pets.de\/shop\/wp-json\/wp\/v2\/media?parent=45912"}],"wp:term":[{"taxonomy":"product_cat","embeddable":true,"href":"https:\/\/all-pets.de\/shop\/wp-json\/wp\/v2\/product_cat?post=45912"},{"taxonomy":"product_tag","embeddable":true,"href":"https:\/\/all-pets.de\/shop\/wp-json\/wp\/v2\/product_tag?post=45912"}],"curies":[{"name":"wp","href":"https:\/\/api.w.org\/{rel}","templated":true}]}}