{"id":45918,"date":"2023-12-12T10:50:21","date_gmt":"2023-12-12T09:50:21","guid":{"rendered":"https:\/\/pet-shopping.de\/shop\/produkt\/trixie-kaetzchen-garnitur-kitty-cat\/"},"modified":"2023-12-12T10:50:22","modified_gmt":"2023-12-12T09:50:22","slug":"trixie-kaetzchen-garnitur-kitty-cat","status":"publish","type":"product","link":"https:\/\/all-pets.de\/shop\/produkt\/trixie-kaetzchen-garnitur-kitty-cat\/","title":{"rendered":"Trixie K\u00e4tzchen-Garnitur Kitty Cat"},"content":{"rendered":"<p>Das K\u00e4tzchen-Geschirr Kitty Cat eignet sich f\u00fcr K\u00e4tzchen und kleine Katzen. Es besteht aus stabilem Nylon und ist stufenlos verstellbar, um es optimal an die K\u00f6rperform Ihrer Katze anzupassen. Die passende Leine mit einer L\u00e4nge von 120 cm ist nat\u00fcrlich inklusive. Das Geschirr ist mit Schnappverschl\u00fcssen aus Kunststoff ausgestattet.<\/p>\n<p>Gr\u00f6\u00dfe: 21 bis 33 cm<br \/> Breite: 8 mm<\/p>\n<p>Eine Farbwahl ist leider nicht m\u00f6glich, da die Farbe je nach Lagerbestand gew\u00e4hlt wird. M\u00f6gliche Farben sind Hellblau, Rosa, Rot und Schwarz. <\/p>\n<p><\/p>\n","protected":false},"excerpt":{"rendered":"<p>Das K\u00e4tzchen-Geschirr Kitty Cat eignet sich f\u00fcr K\u00e4tzchen und kleine Katzen. Es besteht aus stabilem Nylon und ist stufenlos verstellbar, um es optimal an die K\u00f6rperform Ihrer Katze anzupassen. Die passende Leine mit einer L\u00e4nge von 120 cm ist nat\u00fcrlich inklusive. Das Geschirr ist mit Schnappverschl\u00fcssen aus Kunststoff ausgestattet. Gr\u00f6\u00dfe: 21 bis 33 cm Breite: [&hellip;]<\/p>\n","protected":false},"featured_media":45919,"comment_status":"closed","ping_status":"open","template":"","meta":[],"product_cat":[14234],"product_tag":[],"class_list":{"0":"post-45918","1":"product","2":"type-product","3":"status-publish","4":"has-post-thumbnail","6":"product_cat-geschirre","8":"first","9":"instock","10":"taxable","11":"shipping-taxable","12":"purchasable","13":"product-type-simple"},"_links":{"self":[{"href":"https:\/\/all-pets.de\/shop\/wp-json\/wp\/v2\/product\/45918","targetHints":{"allow":["GET"]}}],"collection":[{"href":"https:\/\/all-pets.de\/shop\/wp-json\/wp\/v2\/product"}],"about":[{"href":"https:\/\/all-pets.de\/shop\/wp-json\/wp\/v2\/types\/product"}],"replies":[{"embeddable":true,"href":"https:\/\/all-pets.de\/shop\/wp-json\/wp\/v2\/comments?post=45918"}],"wp:featuredmedia":[{"embeddable":true,"href":"https:\/\/all-pets.de\/shop\/wp-json\/wp\/v2\/media\/45919"}],"wp:attachment":[{"href":"https:\/\/all-pets.de\/shop\/wp-json\/wp\/v2\/media?parent=45918"}],"wp:term":[{"taxonomy":"product_cat","embeddable":true,"href":"https:\/\/all-pets.de\/shop\/wp-json\/wp\/v2\/product_cat?post=45918"},{"taxonomy":"product_tag","embeddable":true,"href":"https:\/\/all-pets.de\/shop\/wp-json\/wp\/v2\/product_tag?post=45918"}],"curies":[{"name":"wp","href":"https:\/\/api.w.org\/{rel}","templated":true}]}}