{"id":45926,"date":"2023-12-12T10:50:21","date_gmt":"2023-12-12T09:50:21","guid":{"rendered":"https:\/\/pet-shopping.de\/shop\/produkt\/trixie-katzen-garnitur-mit-leine\/"},"modified":"2023-12-12T10:50:24","modified_gmt":"2023-12-12T09:50:24","slug":"trixie-katzen-garnitur-mit-leine","status":"publish","type":"product","link":"https:\/\/all-pets.de\/shop\/produkt\/trixie-katzen-garnitur-mit-leine\/","title":{"rendered":"Trixie Katzen-Garnitur mit Leine"},"content":{"rendered":"<p>Die Katzen-Garnitur besteht aus stabilem Nylon und ist stufenlos verstellbar. Mit Metallschnalle.<\/p>\n<p>Gr\u00f6\u00dfe: ca. 22 bis 42 cm<br \/> Breite: 10 mm<br \/> L\u00e4nge der Leine: ca. 1,25 m<\/p>\n<p>Diverse Farben. Eine Farbwahl ist leider nicht m\u00f6glich, da die Farbe je nach Lagerbestand gew\u00e4hlt wird.<\/p>\n","protected":false},"excerpt":{"rendered":"<p>Die Katzen-Garnitur besteht aus stabilem Nylon und ist stufenlos verstellbar. Mit Metallschnalle. Gr\u00f6\u00dfe: ca. 22 bis 42 cm Breite: 10 mm L\u00e4nge der Leine: ca. 1,25 m Diverse Farben. Eine Farbwahl ist leider nicht m\u00f6glich, da die Farbe je nach Lagerbestand gew\u00e4hlt wird.<\/p>\n","protected":false},"featured_media":45927,"comment_status":"closed","ping_status":"open","template":"","meta":[],"product_cat":[14234],"product_tag":[],"class_list":{"0":"post-45926","1":"product","2":"type-product","3":"status-publish","4":"has-post-thumbnail","6":"product_cat-geschirre","8":"first","9":"instock","10":"taxable","11":"shipping-taxable","12":"purchasable","13":"product-type-simple"},"_links":{"self":[{"href":"https:\/\/all-pets.de\/shop\/wp-json\/wp\/v2\/product\/45926","targetHints":{"allow":["GET"]}}],"collection":[{"href":"https:\/\/all-pets.de\/shop\/wp-json\/wp\/v2\/product"}],"about":[{"href":"https:\/\/all-pets.de\/shop\/wp-json\/wp\/v2\/types\/product"}],"replies":[{"embeddable":true,"href":"https:\/\/all-pets.de\/shop\/wp-json\/wp\/v2\/comments?post=45926"}],"wp:featuredmedia":[{"embeddable":true,"href":"https:\/\/all-pets.de\/shop\/wp-json\/wp\/v2\/media\/45927"}],"wp:attachment":[{"href":"https:\/\/all-pets.de\/shop\/wp-json\/wp\/v2\/media?parent=45926"}],"wp:term":[{"taxonomy":"product_cat","embeddable":true,"href":"https:\/\/all-pets.de\/shop\/wp-json\/wp\/v2\/product_cat?post=45926"},{"taxonomy":"product_tag","embeddable":true,"href":"https:\/\/all-pets.de\/shop\/wp-json\/wp\/v2\/product_tag?post=45926"}],"curies":[{"name":"wp","href":"https:\/\/api.w.org\/{rel}","templated":true}]}}