{"id":45935,"date":"2023-12-12T10:50:21","date_gmt":"2023-12-12T09:50:21","guid":{"rendered":"https:\/\/pet-shopping.de\/shop\/produkt\/trixie-my-mammy-saugflaschen-set\/"},"modified":"2023-12-12T10:50:25","modified_gmt":"2023-12-12T09:50:25","slug":"trixie-my-mammy-saugflaschen-set","status":"publish","type":"product","link":"https:\/\/all-pets.de\/shop\/produkt\/trixie-my-mammy-saugflaschen-set\/","title":{"rendered":"Trixie My Mammy Saugflaschen-Set"},"content":{"rendered":"<p>Die formgerechte Flasche wurde von Z\u00fcchtern und Tier\u00e4rzten zur Aufzucht von neugeborenen Kleintieren entwickelt.<\/p>\n<p>Inklusive einer Flaschenb\u00fcrste und 3 Saugern. Einfache Reinigung.<\/p>\n<p>Fassungsverm\u00f6gen der Flasche: ca. 57 ml<\/p>\n","protected":false},"excerpt":{"rendered":"<p>Die formgerechte Flasche wurde von Z\u00fcchtern und Tier\u00e4rzten zur Aufzucht von neugeborenen Kleintieren entwickelt. Inklusive einer Flaschenb\u00fcrste und 3 Saugern. Einfache Reinigung. Fassungsverm\u00f6gen der Flasche: ca. 57 ml<\/p>\n","protected":false},"featured_media":26506,"comment_status":"closed","ping_status":"open","template":"","meta":[],"product_cat":[14241],"product_tag":[],"class_list":{"0":"post-45935","1":"product","2":"type-product","3":"status-publish","4":"has-post-thumbnail","6":"product_cat-pflege-sets","8":"first","9":"instock","10":"taxable","11":"shipping-taxable","12":"purchasable","13":"product-type-simple"},"_links":{"self":[{"href":"https:\/\/all-pets.de\/shop\/wp-json\/wp\/v2\/product\/45935","targetHints":{"allow":["GET"]}}],"collection":[{"href":"https:\/\/all-pets.de\/shop\/wp-json\/wp\/v2\/product"}],"about":[{"href":"https:\/\/all-pets.de\/shop\/wp-json\/wp\/v2\/types\/product"}],"replies":[{"embeddable":true,"href":"https:\/\/all-pets.de\/shop\/wp-json\/wp\/v2\/comments?post=45935"}],"wp:featuredmedia":[{"embeddable":true,"href":"https:\/\/all-pets.de\/shop\/wp-json\/wp\/v2\/media\/26506"}],"wp:attachment":[{"href":"https:\/\/all-pets.de\/shop\/wp-json\/wp\/v2\/media?parent=45935"}],"wp:term":[{"taxonomy":"product_cat","embeddable":true,"href":"https:\/\/all-pets.de\/shop\/wp-json\/wp\/v2\/product_cat?post=45935"},{"taxonomy":"product_tag","embeddable":true,"href":"https:\/\/all-pets.de\/shop\/wp-json\/wp\/v2\/product_tag?post=45935"}],"curies":[{"name":"wp","href":"https:\/\/api.w.org\/{rel}","templated":true}]}}