{"id":45936,"date":"2023-12-12T10:50:21","date_gmt":"2023-12-12T09:50:21","guid":{"rendered":"https:\/\/pet-shopping.de\/shop\/produkt\/trixie-katzen-garnitur-xl-mit-leine-fuer-grosse-katzen\/"},"modified":"2023-12-12T10:50:26","modified_gmt":"2023-12-12T09:50:26","slug":"trixie-katzen-garnitur-xl-mit-leine-fuer-grosse-katzen","status":"publish","type":"product","link":"https:\/\/all-pets.de\/shop\/produkt\/trixie-katzen-garnitur-xl-mit-leine-fuer-grosse-katzen\/","title":{"rendered":"Trixie Katzen-Garnitur XL mit Leine f\u00fcr gro\u00dfe Katzen"},"content":{"rendered":"<ul>\n<li> f\u00fcr gro\u00dfe Katzen <\/li>\n<li> stufenlos verstellbares Gurtband <\/li>\n<li> mit Schnappverschl\u00fcssen <\/li>\n<li>Bauchumfang: ca. 34-57 cm<\/li>\n<li>Breite: 13 mm<\/li>\n<li>Leine: 1,20 m<\/li>\n<li> diverse Farben <\/li>\n<\/ul>\n<div>Eine Farbwahl ist leider nicht m\u00f6glich, da die Farbe je nach Lagerbestand gew\u00e4hlt wird.<\/div>\n","protected":false},"excerpt":{"rendered":"<p>f\u00fcr gro\u00dfe Katzen stufenlos verstellbares Gurtband mit Schnappverschl\u00fcssen Bauchumfang: ca. 34-57 cm Breite: 13 mm Leine: 1,20 m diverse Farben Eine Farbwahl ist leider nicht m\u00f6glich, da die Farbe je nach Lagerbestand gew\u00e4hlt wird.<\/p>\n","protected":false},"featured_media":45937,"comment_status":"closed","ping_status":"open","template":"","meta":[],"product_cat":[14234],"product_tag":[],"class_list":{"0":"post-45936","1":"product","2":"type-product","3":"status-publish","4":"has-post-thumbnail","6":"product_cat-geschirre","8":"first","9":"instock","10":"taxable","11":"shipping-taxable","12":"purchasable","13":"product-type-simple"},"_links":{"self":[{"href":"https:\/\/all-pets.de\/shop\/wp-json\/wp\/v2\/product\/45936","targetHints":{"allow":["GET"]}}],"collection":[{"href":"https:\/\/all-pets.de\/shop\/wp-json\/wp\/v2\/product"}],"about":[{"href":"https:\/\/all-pets.de\/shop\/wp-json\/wp\/v2\/types\/product"}],"replies":[{"embeddable":true,"href":"https:\/\/all-pets.de\/shop\/wp-json\/wp\/v2\/comments?post=45936"}],"wp:featuredmedia":[{"embeddable":true,"href":"https:\/\/all-pets.de\/shop\/wp-json\/wp\/v2\/media\/45937"}],"wp:attachment":[{"href":"https:\/\/all-pets.de\/shop\/wp-json\/wp\/v2\/media?parent=45936"}],"wp:term":[{"taxonomy":"product_cat","embeddable":true,"href":"https:\/\/all-pets.de\/shop\/wp-json\/wp\/v2\/product_cat?post=45936"},{"taxonomy":"product_tag","embeddable":true,"href":"https:\/\/all-pets.de\/shop\/wp-json\/wp\/v2\/product_tag?post=45936"}],"curies":[{"name":"wp","href":"https:\/\/api.w.org\/{rel}","templated":true}]}}