{"id":45940,"date":"2023-12-12T10:50:21","date_gmt":"2023-12-12T09:50:21","guid":{"rendered":"https:\/\/pet-shopping.de\/shop\/produkt\/trixie-squieky-maus\/"},"modified":"2023-12-12T10:50:27","modified_gmt":"2023-12-12T09:50:27","slug":"trixie-squieky-maus","status":"publish","type":"product","link":"https:\/\/all-pets.de\/shop\/produkt\/trixie-squieky-maus\/","title":{"rendered":"Trixie Squieky Maus"},"content":{"rendered":"<p>Das ideale Spielzeug f\u00fcr alle Katzen &#8211; mit Quietscher.<\/p>\n<p>Die Squieky Maus des Herstellers Trixie besteht aus Pl\u00fcsch. Sie ist mit einem Microchip Sound und Catnip ausgestattet und regt so jede Katze zum Spielen an.<\/p>\n<p>Gr\u00f6\u00dfe: ca. 6 cm (ohne Schwanz)<\/p>\n<p>Farben: Schwarz, Grau oder Wei\u00df<\/p>\n<p><font size=\"1\">(Eine Farbwahl ist leider nicht m\u00f6glich. Die Farbe wird je nach Lagerbestand gew\u00e4hlt.)<\/font>\u00a0 <\/p>\n","protected":false},"excerpt":{"rendered":"<p>Das ideale Spielzeug f\u00fcr alle Katzen &#8211; mit Quietscher. Die Squieky Maus des Herstellers Trixie besteht aus Pl\u00fcsch. Sie ist mit einem Microchip Sound und Catnip ausgestattet und regt so jede Katze zum Spielen an. Gr\u00f6\u00dfe: ca. 6 cm (ohne Schwanz) Farben: Schwarz, Grau oder Wei\u00df (Eine Farbwahl ist leider nicht m\u00f6glich. Die Farbe wird [&hellip;]<\/p>\n","protected":false},"featured_media":45941,"comment_status":"closed","ping_status":"open","template":"","meta":[],"product_cat":[14231],"product_tag":[],"class_list":{"0":"post-45940","1":"product","2":"type-product","3":"status-publish","4":"has-post-thumbnail","6":"product_cat-weitere-spielzeuge-katzenspielzeug-katzenspielmaeusekatzenwelt","8":"first","9":"instock","10":"taxable","11":"shipping-taxable","12":"purchasable","13":"product-type-simple"},"_links":{"self":[{"href":"https:\/\/all-pets.de\/shop\/wp-json\/wp\/v2\/product\/45940","targetHints":{"allow":["GET"]}}],"collection":[{"href":"https:\/\/all-pets.de\/shop\/wp-json\/wp\/v2\/product"}],"about":[{"href":"https:\/\/all-pets.de\/shop\/wp-json\/wp\/v2\/types\/product"}],"replies":[{"embeddable":true,"href":"https:\/\/all-pets.de\/shop\/wp-json\/wp\/v2\/comments?post=45940"}],"wp:featuredmedia":[{"embeddable":true,"href":"https:\/\/all-pets.de\/shop\/wp-json\/wp\/v2\/media\/45941"}],"wp:attachment":[{"href":"https:\/\/all-pets.de\/shop\/wp-json\/wp\/v2\/media?parent=45940"}],"wp:term":[{"taxonomy":"product_cat","embeddable":true,"href":"https:\/\/all-pets.de\/shop\/wp-json\/wp\/v2\/product_cat?post=45940"},{"taxonomy":"product_tag","embeddable":true,"href":"https:\/\/all-pets.de\/shop\/wp-json\/wp\/v2\/product_tag?post=45940"}],"curies":[{"name":"wp","href":"https:\/\/api.w.org\/{rel}","templated":true}]}}