{"id":45945,"date":"2023-12-12T10:50:21","date_gmt":"2023-12-12T09:50:21","guid":{"rendered":"https:\/\/pet-shopping.de\/shop\/produkt\/trixie-katzenminze-20-g\/"},"modified":"2023-12-12T10:50:27","modified_gmt":"2023-12-12T09:50:27","slug":"trixie-katzenminze-20-g","status":"publish","type":"product","link":"https:\/\/all-pets.de\/shop\/produkt\/trixie-katzenminze-20-g\/","title":{"rendered":"Trixie Katzenminze 20 g"},"content":{"rendered":"<p>Katzenminze wird aus den Bl\u00e4ttern der Nepeta Cataria gewonnen. Ihr aromatischer, langanhaltender Duft regt Katzen zum spielerischen Verhalten an. Sie k\u00f6nnen Spielzeuge oder Kratzb\u00e4ume mit dieser Minze behandeln, um sie f\u00fcr Ihr Tier interessant zu machen. Katzenminze ist nat\u00fcrlich und v\u00f6llig unsch\u00e4dlich. Das Fressen der Kr\u00e4utermischung ist daher unbedenklich.<\/p>\n<p>Inhalt: 20g<\/p>\n","protected":false},"excerpt":{"rendered":"<p>Katzenminze wird aus den Bl\u00e4ttern der Nepeta Cataria gewonnen. Ihr aromatischer, langanhaltender Duft regt Katzen zum spielerischen Verhalten an. Sie k\u00f6nnen Spielzeuge oder Kratzb\u00e4ume mit dieser Minze behandeln, um sie f\u00fcr Ihr Tier interessant zu machen. Katzenminze ist nat\u00fcrlich und v\u00f6llig unsch\u00e4dlich. Das Fressen der Kr\u00e4utermischung ist daher unbedenklich. Inhalt: 20g<\/p>\n","protected":false},"featured_media":26528,"comment_status":"closed","ping_status":"open","template":"","meta":[],"product_cat":[13702],"product_tag":[],"class_list":{"0":"post-45945","1":"product","2":"type-product","3":"status-publish","4":"has-post-thumbnail","6":"product_cat-catnip-baldrian-spielzeug-katzenspielzeug","8":"first","9":"instock","10":"taxable","11":"shipping-taxable","12":"purchasable","13":"product-type-simple"},"_links":{"self":[{"href":"https:\/\/all-pets.de\/shop\/wp-json\/wp\/v2\/product\/45945","targetHints":{"allow":["GET"]}}],"collection":[{"href":"https:\/\/all-pets.de\/shop\/wp-json\/wp\/v2\/product"}],"about":[{"href":"https:\/\/all-pets.de\/shop\/wp-json\/wp\/v2\/types\/product"}],"replies":[{"embeddable":true,"href":"https:\/\/all-pets.de\/shop\/wp-json\/wp\/v2\/comments?post=45945"}],"wp:featuredmedia":[{"embeddable":true,"href":"https:\/\/all-pets.de\/shop\/wp-json\/wp\/v2\/media\/26528"}],"wp:attachment":[{"href":"https:\/\/all-pets.de\/shop\/wp-json\/wp\/v2\/media?parent=45945"}],"wp:term":[{"taxonomy":"product_cat","embeddable":true,"href":"https:\/\/all-pets.de\/shop\/wp-json\/wp\/v2\/product_cat?post=45945"},{"taxonomy":"product_tag","embeddable":true,"href":"https:\/\/all-pets.de\/shop\/wp-json\/wp\/v2\/product_tag?post=45945"}],"curies":[{"name":"wp","href":"https:\/\/api.w.org\/{rel}","templated":true}]}}