{"id":45951,"date":"2023-12-12T10:50:29","date_gmt":"2023-12-12T09:50:29","guid":{"rendered":"https:\/\/pet-shopping.de\/shop\/produkt\/trixie-rascheltunnel-crunch-50-cm\/"},"modified":"2023-12-12T10:50:30","modified_gmt":"2023-12-12T09:50:30","slug":"trixie-rascheltunnel-crunch-50-cm","status":"publish","type":"product","link":"https:\/\/all-pets.de\/shop\/produkt\/trixie-rascheltunnel-crunch-50-cm\/","title":{"rendered":"Trixie Rascheltunnel Crunch &#8211; 50 cm"},"content":{"rendered":"<p>Der Rascheltunnel Crunch besteht aus hochwertigem Nylon und bietet Ihrer Katze oder auch Welpen optimales Spielvergn\u00fcgen f\u00fcr drinnen und drau\u00dfen. Die eingen\u00e4hte Raschelfolie regt Katzen zum Spielen und hilft bei Welpen \u00c4ngste vor Ger\u00e4uschen schon im jungen Alter zu bek\u00e4mpfen. F\u00fcr Katzen auch ein idealer Platz zum Zur\u00fcckziehen und Entspannen.<\/p>\n<p>L\u00e4nge: ca. 50 cm<br \/> Durchmesser: ca. 25 cm<\/p>\n<p>Das Bild zeigt nur ein Farbbeispiel. Die Farben k\u00f6nnen von der Abbildung abweichen. <\/p>\n<p> \u00a0<\/p>\n<p><\/p>\n","protected":false},"excerpt":{"rendered":"<p>Der Rascheltunnel Crunch besteht aus hochwertigem Nylon und bietet Ihrer Katze oder auch Welpen optimales Spielvergn\u00fcgen f\u00fcr drinnen und drau\u00dfen. Die eingen\u00e4hte Raschelfolie regt Katzen zum Spielen und hilft bei Welpen \u00c4ngste vor Ger\u00e4uschen schon im jungen Alter zu bek\u00e4mpfen. F\u00fcr Katzen auch ein idealer Platz zum Zur\u00fcckziehen und Entspannen. L\u00e4nge: ca. 50 cm Durchmesser: [&hellip;]<\/p>\n","protected":false},"featured_media":26554,"comment_status":"closed","ping_status":"open","template":"","meta":[],"product_cat":[14251],"product_tag":[],"class_list":{"0":"post-45951","1":"product","2":"type-product","3":"status-publish","4":"has-post-thumbnail","6":"product_cat-puppy-spielzeug-hundespielzeug-sport-agility-traininghundewelt-hundespielzeug-sport-spielzeug-ruheplaetzehundewelt-balkon-garten-katzentunnel-raschelsaeckekatzenwelt","8":"first","9":"instock","10":"taxable","11":"shipping-taxable","12":"purchasable","13":"product-type-simple"},"_links":{"self":[{"href":"https:\/\/all-pets.de\/shop\/wp-json\/wp\/v2\/product\/45951","targetHints":{"allow":["GET"]}}],"collection":[{"href":"https:\/\/all-pets.de\/shop\/wp-json\/wp\/v2\/product"}],"about":[{"href":"https:\/\/all-pets.de\/shop\/wp-json\/wp\/v2\/types\/product"}],"replies":[{"embeddable":true,"href":"https:\/\/all-pets.de\/shop\/wp-json\/wp\/v2\/comments?post=45951"}],"wp:featuredmedia":[{"embeddable":true,"href":"https:\/\/all-pets.de\/shop\/wp-json\/wp\/v2\/media\/26554"}],"wp:attachment":[{"href":"https:\/\/all-pets.de\/shop\/wp-json\/wp\/v2\/media?parent=45951"}],"wp:term":[{"taxonomy":"product_cat","embeddable":true,"href":"https:\/\/all-pets.de\/shop\/wp-json\/wp\/v2\/product_cat?post=45951"},{"taxonomy":"product_tag","embeddable":true,"href":"https:\/\/all-pets.de\/shop\/wp-json\/wp\/v2\/product_tag?post=45951"}],"curies":[{"name":"wp","href":"https:\/\/api.w.org\/{rel}","templated":true}]}}