{"id":45952,"date":"2023-12-12T10:50:29","date_gmt":"2023-12-12T09:50:29","guid":{"rendered":"https:\/\/pet-shopping.de\/shop\/produkt\/trixie-rascheltunnel-crunch-115-cm\/"},"modified":"2023-12-12T10:50:30","modified_gmt":"2023-12-12T09:50:30","slug":"trixie-rascheltunnel-crunch-115-cm","status":"publish","type":"product","link":"https:\/\/all-pets.de\/shop\/produkt\/trixie-rascheltunnel-crunch-115-cm\/","title":{"rendered":"Trixie Rascheltunnel Crunch &#8211; 115 cm"},"content":{"rendered":"<p>Der Rascheltunnel Crunch besteht aus hochwertigem Nylon und bietet Ihrer Katze optimales Spielvergn\u00fcgen f\u00fcr drinnen und drau\u00dfen. Die eingen\u00e4hte Raschelfolie regt Katzen zum Spielen an. Der extra lange Rascheltunnel besitzt vier Ein- und Ausg\u00e4nge zum Verstecken und Lauern (zwei seitliche Abzweigungen). Auch ein idealer Platz zum Zur\u00fcckziehen und Entspannen.<\/p>\n<p>L\u00e4nge: ca. 115 cm<br \/> Durchmesser: ca. 30 cm<\/p>\n<p>Die Farben k\u00f6nnen von der Abbildung abweichen. <\/p>\n","protected":false},"excerpt":{"rendered":"<p>Der Rascheltunnel Crunch besteht aus hochwertigem Nylon und bietet Ihrer Katze optimales Spielvergn\u00fcgen f\u00fcr drinnen und drau\u00dfen. Die eingen\u00e4hte Raschelfolie regt Katzen zum Spielen an. Der extra lange Rascheltunnel besitzt vier Ein- und Ausg\u00e4nge zum Verstecken und Lauern (zwei seitliche Abzweigungen). Auch ein idealer Platz zum Zur\u00fcckziehen und Entspannen. L\u00e4nge: ca. 115 cm Durchmesser: ca. [&hellip;]<\/p>\n","protected":false},"featured_media":45953,"comment_status":"closed","ping_status":"open","template":"","meta":[],"product_cat":[14254],"product_tag":[],"class_list":{"0":"post-45952","1":"product","2":"type-product","3":"status-publish","4":"has-post-thumbnail","6":"product_cat-spielzeug-ruheplaetze","8":"first","9":"instock","10":"taxable","11":"shipping-taxable","12":"purchasable","13":"product-type-simple"},"_links":{"self":[{"href":"https:\/\/all-pets.de\/shop\/wp-json\/wp\/v2\/product\/45952","targetHints":{"allow":["GET"]}}],"collection":[{"href":"https:\/\/all-pets.de\/shop\/wp-json\/wp\/v2\/product"}],"about":[{"href":"https:\/\/all-pets.de\/shop\/wp-json\/wp\/v2\/types\/product"}],"replies":[{"embeddable":true,"href":"https:\/\/all-pets.de\/shop\/wp-json\/wp\/v2\/comments?post=45952"}],"wp:featuredmedia":[{"embeddable":true,"href":"https:\/\/all-pets.de\/shop\/wp-json\/wp\/v2\/media\/45953"}],"wp:attachment":[{"href":"https:\/\/all-pets.de\/shop\/wp-json\/wp\/v2\/media?parent=45952"}],"wp:term":[{"taxonomy":"product_cat","embeddable":true,"href":"https:\/\/all-pets.de\/shop\/wp-json\/wp\/v2\/product_cat?post=45952"},{"taxonomy":"product_tag","embeddable":true,"href":"https:\/\/all-pets.de\/shop\/wp-json\/wp\/v2\/product_tag?post=45952"}],"curies":[{"name":"wp","href":"https:\/\/api.w.org\/{rel}","templated":true}]}}