{"id":45956,"date":"2023-12-12T10:50:29","date_gmt":"2023-12-12T09:50:29","guid":{"rendered":"https:\/\/pet-shopping.de\/shop\/produkt\/trixie-kratzbrett-mit-rolle-und-spielmaus\/"},"modified":"2023-12-12T10:50:31","modified_gmt":"2023-12-12T09:50:31","slug":"trixie-kratzbrett-mit-rolle-und-spielmaus","status":"publish","type":"product","link":"https:\/\/all-pets.de\/shop\/produkt\/trixie-kratzbrett-mit-rolle-und-spielmaus\/","title":{"rendered":"Trixie Kratzbrett mit Rolle und Spielmaus"},"content":{"rendered":"<p>Ein Kratzbrett sch\u00fctzt Ihre M\u00f6bel und W\u00e4nde vor den nat\u00fcrlichen Kratzgewohnheiten Ihrer Katze. <\/p>\n<p>Dieses Kratzbrett ist mit Sisal und schwarzem Pl\u00fcsch bezogen und an einer Seite auf einer Pl\u00fcschrolle befestigt. Eine kleine Spielmaus, die ebenfalls mit Pl\u00fcsch bezogen ist, ist an einem Gummiband befestigt und regt zum Spielen an.<\/p>\n<p>Ma\u00dfe: ca. 15 x 35 x 9 cm (BxLxH)<\/p>\n","protected":false},"excerpt":{"rendered":"<p>Ein Kratzbrett sch\u00fctzt Ihre M\u00f6bel und W\u00e4nde vor den nat\u00fcrlichen Kratzgewohnheiten Ihrer Katze. Dieses Kratzbrett ist mit Sisal und schwarzem Pl\u00fcsch bezogen und an einer Seite auf einer Pl\u00fcschrolle befestigt. Eine kleine Spielmaus, die ebenfalls mit Pl\u00fcsch bezogen ist, ist an einem Gummiband befestigt und regt zum Spielen an. Ma\u00dfe: ca. 15 x 35 x [&hellip;]<\/p>\n","protected":false},"featured_media":26558,"comment_status":"closed","ping_status":"open","template":"","meta":[],"product_cat":[13695],"product_tag":[],"class_list":{"0":"post-45956","1":"product","2":"type-product","3":"status-publish","4":"has-post-thumbnail","6":"product_cat-kratzbaeume-moebel-kratzbretter-artikelkatzenwelt-kratzbaeume-moebel","8":"first","9":"instock","10":"taxable","11":"shipping-taxable","12":"purchasable","13":"product-type-simple"},"_links":{"self":[{"href":"https:\/\/all-pets.de\/shop\/wp-json\/wp\/v2\/product\/45956","targetHints":{"allow":["GET"]}}],"collection":[{"href":"https:\/\/all-pets.de\/shop\/wp-json\/wp\/v2\/product"}],"about":[{"href":"https:\/\/all-pets.de\/shop\/wp-json\/wp\/v2\/types\/product"}],"replies":[{"embeddable":true,"href":"https:\/\/all-pets.de\/shop\/wp-json\/wp\/v2\/comments?post=45956"}],"wp:featuredmedia":[{"embeddable":true,"href":"https:\/\/all-pets.de\/shop\/wp-json\/wp\/v2\/media\/26558"}],"wp:attachment":[{"href":"https:\/\/all-pets.de\/shop\/wp-json\/wp\/v2\/media?parent=45956"}],"wp:term":[{"taxonomy":"product_cat","embeddable":true,"href":"https:\/\/all-pets.de\/shop\/wp-json\/wp\/v2\/product_cat?post=45956"},{"taxonomy":"product_tag","embeddable":true,"href":"https:\/\/all-pets.de\/shop\/wp-json\/wp\/v2\/product_tag?post=45956"}],"curies":[{"name":"wp","href":"https:\/\/api.w.org\/{rel}","templated":true}]}}