{"id":45957,"date":"2023-12-12T10:50:29","date_gmt":"2023-12-12T09:50:29","guid":{"rendered":"https:\/\/pet-shopping.de\/shop\/produkt\/trixie-scratch-me-kratzstamm-50-cm\/"},"modified":"2023-12-12T10:50:31","modified_gmt":"2023-12-12T09:50:31","slug":"trixie-scratch-me-kratzstamm-50-cm","status":"publish","type":"product","link":"https:\/\/all-pets.de\/shop\/produkt\/trixie-scratch-me-kratzstamm-50-cm\/","title":{"rendered":"Trixie Scratch Me Kratzstamm &#8211; 50 cm"},"content":{"rendered":"<p>Der Kratzstamm Scratch Me ist komplett mit Natursisal umwickelt (sowohl Stamm, als auch Bodenplatte) und bietet so viel Platz zum Krallenwetzen.<\/p>\n<p>F\u00fcr Spielspa\u00df sorgen zum einen der drehbare Spielzeuganh\u00e4nger der oben am Stamm sitzt und mit einem Spielzeug am Gummiband best\u00fcckt ist, und zum anderen ein weiteres Spielzeug, welches auf einer Spiralfeder sitzt. Zus\u00e4tzlich ist der Kratzstamm mit Catnip ausgestattet.<\/p>\n<p>Grundfl\u00e4che: ca. 40 x 30 cm<br \/> Stammdurchmesser: ca. 7 cm<br \/> H\u00f6he: ca. 50 cm<\/p>\n<p>Diverse Farben. Eine Farbwahl ist leider nicht m\u00f6glich, da die Farbe je nach Lagerbestand gew\u00e4hlt wird.<\/p>\n","protected":false},"excerpt":{"rendered":"<p>Der Kratzstamm Scratch Me ist komplett mit Natursisal umwickelt (sowohl Stamm, als auch Bodenplatte) und bietet so viel Platz zum Krallenwetzen. F\u00fcr Spielspa\u00df sorgen zum einen der drehbare Spielzeuganh\u00e4nger der oben am Stamm sitzt und mit einem Spielzeug am Gummiband best\u00fcckt ist, und zum anderen ein weiteres Spielzeug, welches auf einer Spiralfeder sitzt. Zus\u00e4tzlich ist [&hellip;]<\/p>\n","protected":false},"featured_media":26560,"comment_status":"closed","ping_status":"open","template":"","meta":[],"product_cat":[14256],"product_tag":[],"class_list":{"0":"post-45957","1":"product","2":"type-product","3":"status-publish","4":"has-post-thumbnail","6":"product_cat-kratzbaeume-moebel-kratzbretter-artikelkatzenwelt-kratzbaeume-moebel-bis-100-cmkatzenwelt-bis-100-cmkatzenwelt","8":"first","9":"instock","10":"taxable","11":"shipping-taxable","12":"purchasable","13":"product-type-simple"},"_links":{"self":[{"href":"https:\/\/all-pets.de\/shop\/wp-json\/wp\/v2\/product\/45957","targetHints":{"allow":["GET"]}}],"collection":[{"href":"https:\/\/all-pets.de\/shop\/wp-json\/wp\/v2\/product"}],"about":[{"href":"https:\/\/all-pets.de\/shop\/wp-json\/wp\/v2\/types\/product"}],"replies":[{"embeddable":true,"href":"https:\/\/all-pets.de\/shop\/wp-json\/wp\/v2\/comments?post=45957"}],"wp:featuredmedia":[{"embeddable":true,"href":"https:\/\/all-pets.de\/shop\/wp-json\/wp\/v2\/media\/26560"}],"wp:attachment":[{"href":"https:\/\/all-pets.de\/shop\/wp-json\/wp\/v2\/media?parent=45957"}],"wp:term":[{"taxonomy":"product_cat","embeddable":true,"href":"https:\/\/all-pets.de\/shop\/wp-json\/wp\/v2\/product_cat?post=45957"},{"taxonomy":"product_tag","embeddable":true,"href":"https:\/\/all-pets.de\/shop\/wp-json\/wp\/v2\/product_tag?post=45957"}],"curies":[{"name":"wp","href":"https:\/\/api.w.org\/{rel}","templated":true}]}}