{"id":45958,"date":"2023-12-12T10:50:29","date_gmt":"2023-12-12T09:50:29","guid":{"rendered":"https:\/\/pet-shopping.de\/shop\/produkt\/trixie-kratzbrett-mit-pluesch-56-cm-beige\/"},"modified":"2023-12-12T10:50:31","modified_gmt":"2023-12-12T09:50:31","slug":"trixie-kratzbrett-mit-pluesch-56-cm-beige","status":"publish","type":"product","link":"https:\/\/all-pets.de\/shop\/produkt\/trixie-kratzbrett-mit-pluesch-56-cm-beige\/","title":{"rendered":"Trixie Kratzbrett mit Pl\u00fcsch, 56 cm &#8211; Beige"},"content":{"rendered":"<p>Ein Kratzbrett schont Ihre M\u00f6bel und W\u00e4nde vor den nat\u00fcrlichen Kratzgewohnheiten Ihrer Katze. <\/p>\n<p>Dieses Kratzbrett zum Aufh\u00e4ngen ist von der R\u00fcckseite komplett mit Pl\u00fcsch bezogen. An der Front befinden sich unten und oben jeweils ein Pl\u00fcschstreifen mit einer Breite von ca. 8 cm. Das Gesamtma\u00df betr\u00e4gt ca. 15 x 56 cm.<\/p>\n<p>Farbe: Beige <\/p>\n","protected":false},"excerpt":{"rendered":"<p>Ein Kratzbrett schont Ihre M\u00f6bel und W\u00e4nde vor den nat\u00fcrlichen Kratzgewohnheiten Ihrer Katze. Dieses Kratzbrett zum Aufh\u00e4ngen ist von der R\u00fcckseite komplett mit Pl\u00fcsch bezogen. An der Front befinden sich unten und oben jeweils ein Pl\u00fcschstreifen mit einer Breite von ca. 8 cm. Das Gesamtma\u00df betr\u00e4gt ca. 15 x 56 cm. Farbe: Beige<\/p>\n","protected":false},"featured_media":26562,"comment_status":"closed","ping_status":"open","template":"","meta":[],"product_cat":[13695],"product_tag":[],"class_list":{"0":"post-45958","1":"product","2":"type-product","3":"status-publish","4":"has-post-thumbnail","6":"product_cat-kratzbaeume-moebel-kratzbretter-artikelkatzenwelt-kratzbaeume-moebel","8":"first","9":"instock","10":"taxable","11":"shipping-taxable","12":"purchasable","13":"product-type-simple"},"_links":{"self":[{"href":"https:\/\/all-pets.de\/shop\/wp-json\/wp\/v2\/product\/45958","targetHints":{"allow":["GET"]}}],"collection":[{"href":"https:\/\/all-pets.de\/shop\/wp-json\/wp\/v2\/product"}],"about":[{"href":"https:\/\/all-pets.de\/shop\/wp-json\/wp\/v2\/types\/product"}],"replies":[{"embeddable":true,"href":"https:\/\/all-pets.de\/shop\/wp-json\/wp\/v2\/comments?post=45958"}],"wp:featuredmedia":[{"embeddable":true,"href":"https:\/\/all-pets.de\/shop\/wp-json\/wp\/v2\/media\/26562"}],"wp:attachment":[{"href":"https:\/\/all-pets.de\/shop\/wp-json\/wp\/v2\/media?parent=45958"}],"wp:term":[{"taxonomy":"product_cat","embeddable":true,"href":"https:\/\/all-pets.de\/shop\/wp-json\/wp\/v2\/product_cat?post=45958"},{"taxonomy":"product_tag","embeddable":true,"href":"https:\/\/all-pets.de\/shop\/wp-json\/wp\/v2\/product_tag?post=45958"}],"curies":[{"name":"wp","href":"https:\/\/api.w.org\/{rel}","templated":true}]}}