{"id":45959,"date":"2023-12-12T10:50:29","date_gmt":"2023-12-12T09:50:29","guid":{"rendered":"https:\/\/pet-shopping.de\/shop\/produkt\/trixie-sisal-platte-mit-kratzstamm-50-cm\/"},"modified":"2023-12-12T10:50:31","modified_gmt":"2023-12-12T09:50:31","slug":"trixie-sisal-platte-mit-kratzstamm-50-cm","status":"publish","type":"product","link":"https:\/\/all-pets.de\/shop\/produkt\/trixie-sisal-platte-mit-kratzstamm-50-cm\/","title":{"rendered":"Trixie Sisal-Platte mit Kratzstamm &#8211; 50 cm"},"content":{"rendered":"<p>Dieser Kratzstamm ist komplett mit Natursisal umwickelt (sowohl Stamm, als auch Bodenplatte) und bietet so viel Platz zum Krallenwetzen.<\/p>\n<p>F\u00fcr Spielspa\u00df sorgt am Spielzeug am Band, welches oben am Stamm befestigt ist. <\/p>\n<p>Grundfl\u00e4che: ca. 31 cm Durchmesser<br \/> Stammdurchmesser: ca. 7 cm<br \/> H\u00f6he: ca. 50 cm<\/p>\n<p>Diverse Farben. Eine Farbwahl ist leider nicht m\u00f6glich, da die Farbe je nach Lagerbestand gew\u00e4hlt wird.<\/p>\n","protected":false},"excerpt":{"rendered":"<p>Dieser Kratzstamm ist komplett mit Natursisal umwickelt (sowohl Stamm, als auch Bodenplatte) und bietet so viel Platz zum Krallenwetzen. F\u00fcr Spielspa\u00df sorgt am Spielzeug am Band, welches oben am Stamm befestigt ist. Grundfl\u00e4che: ca. 31 cm Durchmesser Stammdurchmesser: ca. 7 cm H\u00f6he: ca. 50 cm Diverse Farben. Eine Farbwahl ist leider nicht m\u00f6glich, da die [&hellip;]<\/p>\n","protected":false},"featured_media":26566,"comment_status":"closed","ping_status":"open","template":"","meta":[],"product_cat":[14256],"product_tag":[],"class_list":{"0":"post-45959","1":"product","2":"type-product","3":"status-publish","4":"has-post-thumbnail","6":"product_cat-kratzbaeume-moebel-kratzbretter-artikelkatzenwelt-kratzbaeume-moebel-bis-100-cmkatzenwelt-bis-100-cmkatzenwelt","8":"first","9":"instock","10":"taxable","11":"shipping-taxable","12":"purchasable","13":"product-type-simple"},"_links":{"self":[{"href":"https:\/\/all-pets.de\/shop\/wp-json\/wp\/v2\/product\/45959","targetHints":{"allow":["GET"]}}],"collection":[{"href":"https:\/\/all-pets.de\/shop\/wp-json\/wp\/v2\/product"}],"about":[{"href":"https:\/\/all-pets.de\/shop\/wp-json\/wp\/v2\/types\/product"}],"replies":[{"embeddable":true,"href":"https:\/\/all-pets.de\/shop\/wp-json\/wp\/v2\/comments?post=45959"}],"wp:featuredmedia":[{"embeddable":true,"href":"https:\/\/all-pets.de\/shop\/wp-json\/wp\/v2\/media\/26566"}],"wp:attachment":[{"href":"https:\/\/all-pets.de\/shop\/wp-json\/wp\/v2\/media?parent=45959"}],"wp:term":[{"taxonomy":"product_cat","embeddable":true,"href":"https:\/\/all-pets.de\/shop\/wp-json\/wp\/v2\/product_cat?post=45959"},{"taxonomy":"product_tag","embeddable":true,"href":"https:\/\/all-pets.de\/shop\/wp-json\/wp\/v2\/product_tag?post=45959"}],"curies":[{"name":"wp","href":"https:\/\/api.w.org\/{rel}","templated":true}]}}