{"id":45960,"date":"2023-12-12T10:50:29","date_gmt":"2023-12-12T09:50:29","guid":{"rendered":"https:\/\/pet-shopping.de\/shop\/produkt\/trixie-kratzbrett-56-x-11-cm-beige\/"},"modified":"2023-12-12T10:50:31","modified_gmt":"2023-12-12T09:50:31","slug":"trixie-kratzbrett-56-x-11-cm-beige","status":"publish","type":"product","link":"https:\/\/all-pets.de\/shop\/produkt\/trixie-kratzbrett-56-x-11-cm-beige\/","title":{"rendered":"Trixie Kratzbrett 56 x 11 cm &#8211; Beige"},"content":{"rendered":"<p>Dieses schlichte Sisalkratzbrett sch\u00fctzt Ihre M\u00f6bel und W\u00e4nde vor den nat\u00fcrlichen Kratzgewohnheiten Ihrer Katze. <\/p>\n<p>Inklusive Catnip. <\/p>\n<p>Gesamtma\u00dfe: ca. 56 x 11 cm<br \/> Sisalfl\u00e4che: ca. 49 x 9,5 cm<br \/> Farbe: Beige<\/p>\n<p><\/p>\n","protected":false},"excerpt":{"rendered":"<p>Dieses schlichte Sisalkratzbrett sch\u00fctzt Ihre M\u00f6bel und W\u00e4nde vor den nat\u00fcrlichen Kratzgewohnheiten Ihrer Katze. Inklusive Catnip. Gesamtma\u00dfe: ca. 56 x 11 cm Sisalfl\u00e4che: ca. 49 x 9,5 cm Farbe: Beige<\/p>\n","protected":false},"featured_media":26575,"comment_status":"closed","ping_status":"open","template":"","meta":[],"product_cat":[13695],"product_tag":[],"class_list":{"0":"post-45960","1":"product","2":"type-product","3":"status-publish","4":"has-post-thumbnail","6":"product_cat-kratzbaeume-moebel-kratzbretter-artikelkatzenwelt-kratzbaeume-moebel","8":"first","9":"instock","10":"taxable","11":"shipping-taxable","12":"purchasable","13":"product-type-simple"},"_links":{"self":[{"href":"https:\/\/all-pets.de\/shop\/wp-json\/wp\/v2\/product\/45960","targetHints":{"allow":["GET"]}}],"collection":[{"href":"https:\/\/all-pets.de\/shop\/wp-json\/wp\/v2\/product"}],"about":[{"href":"https:\/\/all-pets.de\/shop\/wp-json\/wp\/v2\/types\/product"}],"replies":[{"embeddable":true,"href":"https:\/\/all-pets.de\/shop\/wp-json\/wp\/v2\/comments?post=45960"}],"wp:featuredmedia":[{"embeddable":true,"href":"https:\/\/all-pets.de\/shop\/wp-json\/wp\/v2\/media\/26575"}],"wp:attachment":[{"href":"https:\/\/all-pets.de\/shop\/wp-json\/wp\/v2\/media?parent=45960"}],"wp:term":[{"taxonomy":"product_cat","embeddable":true,"href":"https:\/\/all-pets.de\/shop\/wp-json\/wp\/v2\/product_cat?post=45960"},{"taxonomy":"product_tag","embeddable":true,"href":"https:\/\/all-pets.de\/shop\/wp-json\/wp\/v2\/product_tag?post=45960"}],"curies":[{"name":"wp","href":"https:\/\/api.w.org\/{rel}","templated":true}]}}