{"id":45966,"date":"2023-12-12T10:50:29","date_gmt":"2023-12-12T09:50:29","guid":{"rendered":"https:\/\/pet-shopping.de\/shop\/produkt\/trixie-liegemulde-fuer-heizkoerper-weiss\/"},"modified":"2023-12-12T10:50:32","modified_gmt":"2023-12-12T09:50:32","slug":"trixie-liegemulde-fuer-heizkoerper-weiss","status":"publish","type":"product","link":"https:\/\/all-pets.de\/shop\/produkt\/trixie-liegemulde-fuer-heizkoerper-weiss\/","title":{"rendered":"Trixie Liegemulde f\u00fcr Heizk\u00f6rper &#8211; wei\u00df"},"content":{"rendered":"<ul>\n<li>Pl\u00fcsch-Bezug (Polyester) abnehmbar, bei 30\u00b0C waschbar <\/li>\n<li>stabiler Metallrahmen<\/li>\n<li>mit verstellbarer Halterung (10\u201312 cm)<\/li>\n<li>f\u00fcr alle g\u00e4ngigen Heizk\u00f6rper<\/li>\n<li>Ma\u00dfe: ca. 45 x 24 x 31 cm<\/li>\n<li>Farbe: wollwei\u00df<\/li>\n<\/ul>\n","protected":false},"excerpt":{"rendered":"<p>Pl\u00fcsch-Bezug (Polyester) abnehmbar, bei 30\u00b0C waschbar stabiler Metallrahmen mit verstellbarer Halterung (10\u201312 cm) f\u00fcr alle g\u00e4ngigen Heizk\u00f6rper Ma\u00dfe: ca. 45 x 24 x 31 cm Farbe: wollwei\u00df<\/p>\n","protected":false},"featured_media":26588,"comment_status":"closed","ping_status":"open","template":"","meta":[],"product_cat":[14257],"product_tag":[],"class_list":{"0":"post-45966","1":"product","2":"type-product","3":"status-publish","4":"has-post-thumbnail","6":"product_cat-heizungsliegen","8":"first","9":"instock","10":"taxable","11":"shipping-taxable","12":"purchasable","13":"product-type-simple"},"_links":{"self":[{"href":"https:\/\/all-pets.de\/shop\/wp-json\/wp\/v2\/product\/45966","targetHints":{"allow":["GET"]}}],"collection":[{"href":"https:\/\/all-pets.de\/shop\/wp-json\/wp\/v2\/product"}],"about":[{"href":"https:\/\/all-pets.de\/shop\/wp-json\/wp\/v2\/types\/product"}],"replies":[{"embeddable":true,"href":"https:\/\/all-pets.de\/shop\/wp-json\/wp\/v2\/comments?post=45966"}],"wp:featuredmedia":[{"embeddable":true,"href":"https:\/\/all-pets.de\/shop\/wp-json\/wp\/v2\/media\/26588"}],"wp:attachment":[{"href":"https:\/\/all-pets.de\/shop\/wp-json\/wp\/v2\/media?parent=45966"}],"wp:term":[{"taxonomy":"product_cat","embeddable":true,"href":"https:\/\/all-pets.de\/shop\/wp-json\/wp\/v2\/product_cat?post=45966"},{"taxonomy":"product_tag","embeddable":true,"href":"https:\/\/all-pets.de\/shop\/wp-json\/wp\/v2\/product_tag?post=45966"}],"curies":[{"name":"wp","href":"https:\/\/api.w.org\/{rel}","templated":true}]}}