{"id":45967,"date":"2023-12-12T10:50:29","date_gmt":"2023-12-12T09:50:29","guid":{"rendered":"https:\/\/pet-shopping.de\/shop\/produkt\/trixie-sisal-spielrolle-blau\/"},"modified":"2023-12-12T10:50:32","modified_gmt":"2023-12-12T09:50:32","slug":"trixie-sisal-spielrolle-blau","status":"publish","type":"product","link":"https:\/\/all-pets.de\/shop\/produkt\/trixie-sisal-spielrolle-blau\/","title":{"rendered":"Trixie Sisal-Spielrolle &#8211; Blau"},"content":{"rendered":"<p>Die Sisal Spielrolle sch\u00fctzt Ihre M\u00f6bel und Teppiche vor den nat\u00fcrlichen Kratzgewohnheiten Ihrer Katze. Sie verbindet Krallenpflege mit stundenlangem Spielvergn\u00fcgen. Die innen eingeh\u00e4ngte Pl\u00fcschkugel am Gummiband animiert Ihre Katze stets aufs Neue. Die Sisal Spielrolle ist f\u00fcr Katzen jeden Alters geeignet.<\/p>\n<p>&#8211; aus Sisal und Pl\u00fcsch<br \/> &#8211; Ma\u00dfe: ca. 23 x 20 cm<br \/> &#8211; Farbe: Blau<\/p>\n","protected":false},"excerpt":{"rendered":"<p>Die Sisal Spielrolle sch\u00fctzt Ihre M\u00f6bel und Teppiche vor den nat\u00fcrlichen Kratzgewohnheiten Ihrer Katze. Sie verbindet Krallenpflege mit stundenlangem Spielvergn\u00fcgen. Die innen eingeh\u00e4ngte Pl\u00fcschkugel am Gummiband animiert Ihre Katze stets aufs Neue. Die Sisal Spielrolle ist f\u00fcr Katzen jeden Alters geeignet. &#8211; aus Sisal und Pl\u00fcsch &#8211; Ma\u00dfe: ca. 23 x 20 cm &#8211; Farbe: [&hellip;]<\/p>\n","protected":false},"featured_media":26591,"comment_status":"closed","ping_status":"open","template":"","meta":[],"product_cat":[14260],"product_tag":[],"class_list":{"0":"post-45967","1":"product","2":"type-product","3":"status-publish","4":"has-post-thumbnail","6":"product_cat-kratzbaeume-moebel-weitere-spielzeugekatzenwelt-katzenspielzeug-kratzbretter-artikelkatzenwelt-kratzbaeume-moebel","8":"first","9":"instock","10":"taxable","11":"shipping-taxable","12":"purchasable","13":"product-type-simple"},"_links":{"self":[{"href":"https:\/\/all-pets.de\/shop\/wp-json\/wp\/v2\/product\/45967","targetHints":{"allow":["GET"]}}],"collection":[{"href":"https:\/\/all-pets.de\/shop\/wp-json\/wp\/v2\/product"}],"about":[{"href":"https:\/\/all-pets.de\/shop\/wp-json\/wp\/v2\/types\/product"}],"replies":[{"embeddable":true,"href":"https:\/\/all-pets.de\/shop\/wp-json\/wp\/v2\/comments?post=45967"}],"wp:featuredmedia":[{"embeddable":true,"href":"https:\/\/all-pets.de\/shop\/wp-json\/wp\/v2\/media\/26591"}],"wp:attachment":[{"href":"https:\/\/all-pets.de\/shop\/wp-json\/wp\/v2\/media?parent=45967"}],"wp:term":[{"taxonomy":"product_cat","embeddable":true,"href":"https:\/\/all-pets.de\/shop\/wp-json\/wp\/v2\/product_cat?post=45967"},{"taxonomy":"product_tag","embeddable":true,"href":"https:\/\/all-pets.de\/shop\/wp-json\/wp\/v2\/product_tag?post=45967"}],"curies":[{"name":"wp","href":"https:\/\/api.w.org\/{rel}","templated":true}]}}