{"id":45968,"date":"2023-12-12T10:50:29","date_gmt":"2023-12-12T09:50:29","guid":{"rendered":"https:\/\/pet-shopping.de\/shop\/produkt\/trixie-pluesch-kratzmatte-braun\/"},"modified":"2023-12-12T10:50:32","modified_gmt":"2023-12-12T09:50:32","slug":"trixie-pluesch-kratzmatte-braun","status":"publish","type":"product","link":"https:\/\/all-pets.de\/shop\/produkt\/trixie-pluesch-kratzmatte-braun\/","title":{"rendered":"Trixie Pl\u00fcsch-Kratzmatte &#8211; braun"},"content":{"rendered":"<div>\n<div>Diese Kratzmatte kann an beliebiger Stelle hingelegt und sogar aufgeh\u00e4ngt werden. Die Matte hat einen Pl\u00fcschrand sowie ein Spielzeug am Gummiband.<\/div>\n<\/div>\n<div>\n<div>\u00a0<\/div>\n<\/div>\n<div>Das Wetzen der Krallen ist f\u00fcr Katzen \u00e4u\u00dferst wichtig. Um zu vermeiden, dass Ihre Katze zu diesem Zweck Tapeten oder M\u00f6bel zerkratzt, ist es unumg\u00e4nglich, ihr entsprechendes Kratzmaterial zur Verf\u00fcgung zu stellen.<\/div>\n<div>Sisal ist eine nat\u00fcrliche, sehr robuste Faser, welche der Katze hilft, die schuppige Oberschicht der Krallen zu entfernen. So wird ein Einwachsen der Katzenkrallen verhindert.<\/p>\n<p> Ma\u00dfe: 55 x 35 cm<br \/> Farbe: Braun<\/div>\n","protected":false},"excerpt":{"rendered":"<p>Diese Kratzmatte kann an beliebiger Stelle hingelegt und sogar aufgeh\u00e4ngt werden. Die Matte hat einen Pl\u00fcschrand sowie ein Spielzeug am Gummiband. \u00a0 Das Wetzen der Krallen ist f\u00fcr Katzen \u00e4u\u00dferst wichtig. Um zu vermeiden, dass Ihre Katze zu diesem Zweck Tapeten oder M\u00f6bel zerkratzt, ist es unumg\u00e4nglich, ihr entsprechendes Kratzmaterial zur Verf\u00fcgung zu stellen. Sisal [&hellip;]<\/p>\n","protected":false},"featured_media":26593,"comment_status":"closed","ping_status":"open","template":"","meta":[],"product_cat":[13695],"product_tag":[],"class_list":{"0":"post-45968","1":"product","2":"type-product","3":"status-publish","4":"has-post-thumbnail","6":"product_cat-kratzbaeume-moebel-kratzbretter-artikelkatzenwelt-kratzbaeume-moebel","8":"first","9":"instock","10":"taxable","11":"shipping-taxable","12":"purchasable","13":"product-type-simple"},"_links":{"self":[{"href":"https:\/\/all-pets.de\/shop\/wp-json\/wp\/v2\/product\/45968","targetHints":{"allow":["GET"]}}],"collection":[{"href":"https:\/\/all-pets.de\/shop\/wp-json\/wp\/v2\/product"}],"about":[{"href":"https:\/\/all-pets.de\/shop\/wp-json\/wp\/v2\/types\/product"}],"replies":[{"embeddable":true,"href":"https:\/\/all-pets.de\/shop\/wp-json\/wp\/v2\/comments?post=45968"}],"wp:featuredmedia":[{"embeddable":true,"href":"https:\/\/all-pets.de\/shop\/wp-json\/wp\/v2\/media\/26593"}],"wp:attachment":[{"href":"https:\/\/all-pets.de\/shop\/wp-json\/wp\/v2\/media?parent=45968"}],"wp:term":[{"taxonomy":"product_cat","embeddable":true,"href":"https:\/\/all-pets.de\/shop\/wp-json\/wp\/v2\/product_cat?post=45968"},{"taxonomy":"product_tag","embeddable":true,"href":"https:\/\/all-pets.de\/shop\/wp-json\/wp\/v2\/product_tag?post=45968"}],"curies":[{"name":"wp","href":"https:\/\/api.w.org\/{rel}","templated":true}]}}