{"id":45969,"date":"2023-12-12T10:50:29","date_gmt":"2023-12-12T09:50:29","guid":{"rendered":"https:\/\/pet-shopping.de\/shop\/produkt\/trixie-kratzwelle-wavy-braun\/"},"modified":"2023-12-12T10:50:32","modified_gmt":"2023-12-12T09:50:32","slug":"trixie-kratzwelle-wavy-braun","status":"publish","type":"product","link":"https:\/\/all-pets.de\/shop\/produkt\/trixie-kratzwelle-wavy-braun\/","title":{"rendered":"Trixie Kratzwelle Wavy &#8211; Braun"},"content":{"rendered":"<p>Das Wetzen der Krallen ist f\u00fcr Katzen \u00e4u\u00dferst wichtig. Um zu vermeiden, dass Ihre Katze zu diesem Zweck Tapeten oder M\u00f6bel zerkratzt, ist es unumg\u00e4nglich, ihr entsprechendes Kratzmaterial zur Verf\u00fcgung zu stellen.<\/p>\n<p>Sisal ist eine nat\u00fcrliche, sehr robuste Faser, welche der Katze hilft, die schuppige Oberschicht der Kralle zu entfernen. So wird ein Einwachsen der Katzenkrallen verhindert.<\/p>\n<p>Die besondere Wellenform bietet Ihrer Katze mehr Abwechslung und kann gleichzeitig als H\u00f6hle und Ruheplatz verwendet werden.<\/p>\n<p>F\u00fcr Katzen jeden Alters geeignet. Mit Pl\u00fcsch und Sisal bezogen.<\/p>\n<p>Ma\u00dfe: ca. 50 x 29 x 18 cm<br \/> Farbe: Braun<\/p>\n","protected":false},"excerpt":{"rendered":"<p>Das Wetzen der Krallen ist f\u00fcr Katzen \u00e4u\u00dferst wichtig. Um zu vermeiden, dass Ihre Katze zu diesem Zweck Tapeten oder M\u00f6bel zerkratzt, ist es unumg\u00e4nglich, ihr entsprechendes Kratzmaterial zur Verf\u00fcgung zu stellen. Sisal ist eine nat\u00fcrliche, sehr robuste Faser, welche der Katze hilft, die schuppige Oberschicht der Kralle zu entfernen. So wird ein Einwachsen der [&hellip;]<\/p>\n","protected":false},"featured_media":26595,"comment_status":"closed","ping_status":"open","template":"","meta":[],"product_cat":[13695],"product_tag":[],"class_list":{"0":"post-45969","1":"product","2":"type-product","3":"status-publish","4":"has-post-thumbnail","6":"product_cat-kratzbaeume-moebel-kratzbretter-artikelkatzenwelt-kratzbaeume-moebel","8":"first","9":"instock","10":"taxable","11":"shipping-taxable","12":"purchasable","13":"product-type-simple"},"_links":{"self":[{"href":"https:\/\/all-pets.de\/shop\/wp-json\/wp\/v2\/product\/45969","targetHints":{"allow":["GET"]}}],"collection":[{"href":"https:\/\/all-pets.de\/shop\/wp-json\/wp\/v2\/product"}],"about":[{"href":"https:\/\/all-pets.de\/shop\/wp-json\/wp\/v2\/types\/product"}],"replies":[{"embeddable":true,"href":"https:\/\/all-pets.de\/shop\/wp-json\/wp\/v2\/comments?post=45969"}],"wp:featuredmedia":[{"embeddable":true,"href":"https:\/\/all-pets.de\/shop\/wp-json\/wp\/v2\/media\/26595"}],"wp:attachment":[{"href":"https:\/\/all-pets.de\/shop\/wp-json\/wp\/v2\/media?parent=45969"}],"wp:term":[{"taxonomy":"product_cat","embeddable":true,"href":"https:\/\/all-pets.de\/shop\/wp-json\/wp\/v2\/product_cat?post=45969"},{"taxonomy":"product_tag","embeddable":true,"href":"https:\/\/all-pets.de\/shop\/wp-json\/wp\/v2\/product_tag?post=45969"}],"curies":[{"name":"wp","href":"https:\/\/api.w.org\/{rel}","templated":true}]}}