{"id":45973,"date":"2023-12-12T10:50:34","date_gmt":"2023-12-12T09:50:34","guid":{"rendered":"https:\/\/pet-shopping.de\/shop\/produkt\/trixie-cat-tower-kratztonne-samuel\/"},"modified":"2023-12-12T10:50:34","modified_gmt":"2023-12-12T09:50:34","slug":"trixie-cat-tower-kratztonne-samuel","status":"publish","type":"product","link":"https:\/\/all-pets.de\/shop\/produkt\/trixie-cat-tower-kratztonne-samuel\/","title":{"rendered":"Trixie Cat Tower Kratztonne Samuel"},"content":{"rendered":"<p>Die Kratztonne Cat Tower Samuel bietet alles, was das Herz eines Stubentigers begehrt. Dazu geh\u00f6rt selbstverst\u00e4ndlich eine gepolsterte Liegefl\u00e4che zum gem\u00fctlichen Ausruhen, drei H\u00f6hlenetagen, die von innen komplett mit Fleece ausgestattet sind, ein Spielzeug am Gummiband und ganz ganz viel Sisalfl\u00e4che zum Krallensch\u00e4rfen. Die Kratztonne ist von au\u00dfen komplett mit Sisal best\u00fcckt. H\u00f6hleneing\u00e4nge, Liegefl\u00e4che und Bodenplatte sind mit beigem Pl\u00fcsch bezogen.<\/p>\n<p> Grundfl\u00e4che: ca. 36 cm Durchmesser<br \/> H\u00f6he: 70 cm<\/p>\n","protected":false},"excerpt":{"rendered":"<p>Die Kratztonne Cat Tower Samuel bietet alles, was das Herz eines Stubentigers begehrt. Dazu geh\u00f6rt selbstverst\u00e4ndlich eine gepolsterte Liegefl\u00e4che zum gem\u00fctlichen Ausruhen, drei H\u00f6hlenetagen, die von innen komplett mit Fleece ausgestattet sind, ein Spielzeug am Gummiband und ganz ganz viel Sisalfl\u00e4che zum Krallensch\u00e4rfen. Die Kratztonne ist von au\u00dfen komplett mit Sisal best\u00fcckt. H\u00f6hleneing\u00e4nge, Liegefl\u00e4che und [&hellip;]<\/p>\n","protected":false},"featured_media":45974,"comment_status":"closed","ping_status":"open","template":"","meta":[],"product_cat":[14264],"product_tag":[],"class_list":{"0":"post-45973","1":"product","2":"type-product","3":"status-publish","4":"has-post-thumbnail","6":"product_cat-kratzbaeume-moebel-bis-100-cmkatzenwelt-kratzbaeume-moebel-kratztonnenkatzenwelt","8":"first","9":"instock","10":"taxable","11":"shipping-taxable","12":"purchasable","13":"product-type-simple"},"_links":{"self":[{"href":"https:\/\/all-pets.de\/shop\/wp-json\/wp\/v2\/product\/45973","targetHints":{"allow":["GET"]}}],"collection":[{"href":"https:\/\/all-pets.de\/shop\/wp-json\/wp\/v2\/product"}],"about":[{"href":"https:\/\/all-pets.de\/shop\/wp-json\/wp\/v2\/types\/product"}],"replies":[{"embeddable":true,"href":"https:\/\/all-pets.de\/shop\/wp-json\/wp\/v2\/comments?post=45973"}],"wp:featuredmedia":[{"embeddable":true,"href":"https:\/\/all-pets.de\/shop\/wp-json\/wp\/v2\/media\/45974"}],"wp:attachment":[{"href":"https:\/\/all-pets.de\/shop\/wp-json\/wp\/v2\/media?parent=45973"}],"wp:term":[{"taxonomy":"product_cat","embeddable":true,"href":"https:\/\/all-pets.de\/shop\/wp-json\/wp\/v2\/product_cat?post=45973"},{"taxonomy":"product_tag","embeddable":true,"href":"https:\/\/all-pets.de\/shop\/wp-json\/wp\/v2\/product_tag?post=45973"}],"curies":[{"name":"wp","href":"https:\/\/api.w.org\/{rel}","templated":true}]}}