{"id":45976,"date":"2023-12-12T10:50:34","date_gmt":"2023-12-12T09:50:34","guid":{"rendered":"https:\/\/pet-shopping.de\/shop\/produkt\/trixie-kratzbrett-xl-mit-pluesch\/"},"modified":"2023-12-12T10:50:35","modified_gmt":"2023-12-12T09:50:35","slug":"trixie-kratzbrett-xl-mit-pluesch","status":"publish","type":"product","link":"https:\/\/all-pets.de\/shop\/produkt\/trixie-kratzbrett-xl-mit-pluesch\/","title":{"rendered":"Trixie Kratzbrett XL mit Pl\u00fcsch"},"content":{"rendered":"<p>Das Kratzbrett XL ist oben und unten mit einem beigen Pl\u00fcschstreifen und an der R\u00fcckseite komplett mit Pl\u00fcsch versehen. Zum Befestigen an der Wand ist oben am Kratzbrett eine Befestigungs\u00f6se vorhanden. <\/p>\n<p>Die Gesamtma\u00dfe des Kratzbrettes betragen ca. 78 x 18 cm, die Ma\u00dfe der Sisalfl\u00e4che betragen ca. 62 x 18 cm.<\/p>\n<p>Mit Catnip.\u00a0 <\/p>\n","protected":false},"excerpt":{"rendered":"<p>Das Kratzbrett XL ist oben und unten mit einem beigen Pl\u00fcschstreifen und an der R\u00fcckseite komplett mit Pl\u00fcsch versehen. Zum Befestigen an der Wand ist oben am Kratzbrett eine Befestigungs\u00f6se vorhanden. Die Gesamtma\u00dfe des Kratzbrettes betragen ca. 78 x 18 cm, die Ma\u00dfe der Sisalfl\u00e4che betragen ca. 62 x 18 cm. Mit Catnip.\u00a0<\/p>\n","protected":false},"featured_media":26607,"comment_status":"closed","ping_status":"open","template":"","meta":[],"product_cat":[13695],"product_tag":[],"class_list":{"0":"post-45976","1":"product","2":"type-product","3":"status-publish","4":"has-post-thumbnail","6":"product_cat-kratzbaeume-moebel-kratzbretter-artikelkatzenwelt-kratzbaeume-moebel","8":"first","9":"instock","10":"taxable","11":"shipping-taxable","12":"purchasable","13":"product-type-simple"},"_links":{"self":[{"href":"https:\/\/all-pets.de\/shop\/wp-json\/wp\/v2\/product\/45976","targetHints":{"allow":["GET"]}}],"collection":[{"href":"https:\/\/all-pets.de\/shop\/wp-json\/wp\/v2\/product"}],"about":[{"href":"https:\/\/all-pets.de\/shop\/wp-json\/wp\/v2\/types\/product"}],"replies":[{"embeddable":true,"href":"https:\/\/all-pets.de\/shop\/wp-json\/wp\/v2\/comments?post=45976"}],"wp:featuredmedia":[{"embeddable":true,"href":"https:\/\/all-pets.de\/shop\/wp-json\/wp\/v2\/media\/26607"}],"wp:attachment":[{"href":"https:\/\/all-pets.de\/shop\/wp-json\/wp\/v2\/media?parent=45976"}],"wp:term":[{"taxonomy":"product_cat","embeddable":true,"href":"https:\/\/all-pets.de\/shop\/wp-json\/wp\/v2\/product_cat?post=45976"},{"taxonomy":"product_tag","embeddable":true,"href":"https:\/\/all-pets.de\/shop\/wp-json\/wp\/v2\/product_tag?post=45976"}],"curies":[{"name":"wp","href":"https:\/\/api.w.org\/{rel}","templated":true}]}}