{"id":45983,"date":"2023-12-12T10:50:34","date_gmt":"2023-12-12T09:50:34","guid":{"rendered":"https:\/\/pet-shopping.de\/shop\/produkt\/trixie-kratzbaum-palamos\/"},"modified":"2023-12-12T10:50:36","modified_gmt":"2023-12-12T09:50:36","slug":"trixie-kratzbaum-palamos","status":"publish","type":"product","link":"https:\/\/all-pets.de\/shop\/produkt\/trixie-kratzbaum-palamos\/","title":{"rendered":"Trixie Kratzbaum Palamos"},"content":{"rendered":"<p>Katzen m\u00fcssen ihre Krallen abwetzen, damit diese nicht abbrechen oder sogar ausrei\u00dfen. Kratzb\u00e4ume sch\u00fctzen M\u00f6bel und Teppiche vor den nat\u00fcrlichen Kratzgewohnheiten der Katze. F\u00fcr Katzen jeden Alters geeignet. <\/p>\n<p>Der Trixie Kratzbaum Palamos mit einer H\u00f6he von 109 cm besteht aus einer Bodenplatte, die eine Fl\u00e4che von 39 x 39 cm hat, einer gem\u00fctlichen H\u00f6hle und mehreren Liegefl\u00e4chen. Die 5 Sisalst\u00e4mme haben einen Durchmesser von 9 cm, die Liegeplatten sind 39 x 39 cm (mittlere Platte) bzw. 29 x 29 cm gro\u00df (oberste, sowie unterste Platte). Die H\u00f6hle hat die Ma\u00dfe 35 x 24 x 35 cm und ist mit einer Pl\u00fcscheinlage ausgestattet. Damit keine Langeweile aufkommt, ist der Kratzbaum au\u00dferdem mit einem Spielzeug am Gummiband best\u00fcckt. <\/p>\n<p>Farbe: Anthrazit<\/p>\n","protected":false},"excerpt":{"rendered":"<p>Katzen m\u00fcssen ihre Krallen abwetzen, damit diese nicht abbrechen oder sogar ausrei\u00dfen. Kratzb\u00e4ume sch\u00fctzen M\u00f6bel und Teppiche vor den nat\u00fcrlichen Kratzgewohnheiten der Katze. F\u00fcr Katzen jeden Alters geeignet. Der Trixie Kratzbaum Palamos mit einer H\u00f6he von 109 cm besteht aus einer Bodenplatte, die eine Fl\u00e4che von 39 x 39 cm hat, einer gem\u00fctlichen H\u00f6hle und [&hellip;]<\/p>\n","protected":false},"featured_media":26640,"comment_status":"closed","ping_status":"open","template":"","meta":[],"product_cat":[14269],"product_tag":[],"class_list":{"0":"post-45983","1":"product","2":"type-product","3":"status-publish","4":"has-post-thumbnail","6":"product_cat-kratzbaeume-moebel-bis-100-cmkatzenwelt-kratzbaeume-moebel-bis-175-cmkatzenwelt","8":"first","9":"instock","10":"taxable","11":"shipping-taxable","12":"purchasable","13":"product-type-simple"},"_links":{"self":[{"href":"https:\/\/all-pets.de\/shop\/wp-json\/wp\/v2\/product\/45983","targetHints":{"allow":["GET"]}}],"collection":[{"href":"https:\/\/all-pets.de\/shop\/wp-json\/wp\/v2\/product"}],"about":[{"href":"https:\/\/all-pets.de\/shop\/wp-json\/wp\/v2\/types\/product"}],"replies":[{"embeddable":true,"href":"https:\/\/all-pets.de\/shop\/wp-json\/wp\/v2\/comments?post=45983"}],"wp:featuredmedia":[{"embeddable":true,"href":"https:\/\/all-pets.de\/shop\/wp-json\/wp\/v2\/media\/26640"}],"wp:attachment":[{"href":"https:\/\/all-pets.de\/shop\/wp-json\/wp\/v2\/media?parent=45983"}],"wp:term":[{"taxonomy":"product_cat","embeddable":true,"href":"https:\/\/all-pets.de\/shop\/wp-json\/wp\/v2\/product_cat?post=45983"},{"taxonomy":"product_tag","embeddable":true,"href":"https:\/\/all-pets.de\/shop\/wp-json\/wp\/v2\/product_tag?post=45983"}],"curies":[{"name":"wp","href":"https:\/\/api.w.org\/{rel}","templated":true}]}}