{"id":45988,"date":"2023-12-12T10:50:34","date_gmt":"2023-12-12T09:50:34","guid":{"rendered":"https:\/\/pet-shopping.de\/shop\/produkt\/trixie-kippfenster-schutzgitter-seitenelement\/"},"modified":"2023-12-12T10:50:36","modified_gmt":"2023-12-12T09:50:36","slug":"trixie-kippfenster-schutzgitter-seitenelement","status":"publish","type":"product","link":"https:\/\/all-pets.de\/shop\/produkt\/trixie-kippfenster-schutzgitter-seitenelement\/","title":{"rendered":"Trixie Kippfenster-Schutzgitter, Seitenelement"},"content":{"rendered":"<p>Bei diesem Artikel handelt es sich um ein Seitenteil f\u00fcr ein Fensterschutzgitter. Das Gitter besteht aus pulverbeschichtetem Metall in wei\u00df und kann entweder mit den beiliegenden Schrauben am Fenster angeschraubt werden oder an den Fensterrahmen angeklebt werden, wenn keine dauerhafte Befestigung gew\u00fcnscht ist. <\/p>\n<p> Die Ma\u00dfe dieses Seitenteils sind 62 x 16\/8 cm. <\/p>\n<p> Bitte beachten Sie, dass es sich hier nur um ein Seitenelement handelt und nicht um das komplette Fensterschutzgitter. Wenn Sie mehrere Teile ben\u00f6tigen, m\u00fcssen Sie diese einzeln bestellen. Die Artikelnr. f\u00fcr das rechteckige Element f\u00fcr oben bzw. unten am Fenster (je nach Kippfunktion des Fensters) ist folgende: 4417-TRXI.<\/p>\n","protected":false},"excerpt":{"rendered":"<p>Bei diesem Artikel handelt es sich um ein Seitenteil f\u00fcr ein Fensterschutzgitter. Das Gitter besteht aus pulverbeschichtetem Metall in wei\u00df und kann entweder mit den beiliegenden Schrauben am Fenster angeschraubt werden oder an den Fensterrahmen angeklebt werden, wenn keine dauerhafte Befestigung gew\u00fcnscht ist. Die Ma\u00dfe dieses Seitenteils sind 62 x 16\/8 cm. Bitte beachten Sie, [&hellip;]<\/p>\n","protected":false},"featured_media":26655,"comment_status":"closed","ping_status":"open","template":"","meta":[],"product_cat":[13900],"product_tag":[],"class_list":{"0":"post-45988","1":"product","2":"type-product","3":"status-publish","4":"has-post-thumbnail","6":"product_cat-schutznetze-gitter","8":"first","9":"instock","10":"taxable","11":"shipping-taxable","12":"purchasable","13":"product-type-simple"},"_links":{"self":[{"href":"https:\/\/all-pets.de\/shop\/wp-json\/wp\/v2\/product\/45988","targetHints":{"allow":["GET"]}}],"collection":[{"href":"https:\/\/all-pets.de\/shop\/wp-json\/wp\/v2\/product"}],"about":[{"href":"https:\/\/all-pets.de\/shop\/wp-json\/wp\/v2\/types\/product"}],"replies":[{"embeddable":true,"href":"https:\/\/all-pets.de\/shop\/wp-json\/wp\/v2\/comments?post=45988"}],"wp:featuredmedia":[{"embeddable":true,"href":"https:\/\/all-pets.de\/shop\/wp-json\/wp\/v2\/media\/26655"}],"wp:attachment":[{"href":"https:\/\/all-pets.de\/shop\/wp-json\/wp\/v2\/media?parent=45988"}],"wp:term":[{"taxonomy":"product_cat","embeddable":true,"href":"https:\/\/all-pets.de\/shop\/wp-json\/wp\/v2\/product_cat?post=45988"},{"taxonomy":"product_tag","embeddable":true,"href":"https:\/\/all-pets.de\/shop\/wp-json\/wp\/v2\/product_tag?post=45988"}],"curies":[{"name":"wp","href":"https:\/\/api.w.org\/{rel}","templated":true}]}}