{"id":45992,"date":"2023-12-12T10:50:34","date_gmt":"2023-12-12T09:50:34","guid":{"rendered":"https:\/\/pet-shopping.de\/shop\/produkt\/trixie-cat-protect-netz-3-x-2-m-transparent\/"},"modified":"2023-12-12T10:50:36","modified_gmt":"2023-12-12T09:50:36","slug":"trixie-cat-protect-netz-3-x-2-m-transparent","status":"publish","type":"product","link":"https:\/\/all-pets.de\/shop\/produkt\/trixie-cat-protect-netz-3-x-2-m-transparent\/","title":{"rendered":"Trixie Cat Protect Netz &#8211; 3 x 2 m, transparent"},"content":{"rendered":"<ul>\n<li>strapazierf\u00e4hig und UV-best\u00e4ndig<\/li>\n<li>Maschenweite 3 \u00d7 3 cm<\/li>\n<li>auch f\u00fcr kleine Katzen<\/li>\n<li>inkl. Haken, D\u00fcbeln und Befestigungsleine<\/li>\n<li>wetterfest<\/li>\n<li>Material: Nylon (Monofil-Garn)<\/li>\n<li>Ma\u00dfe: ca. 3 x 2 m<\/li>\n<li>Farbe: transparent<\/li>\n<\/ul>\n","protected":false},"excerpt":{"rendered":"<p>strapazierf\u00e4hig und UV-best\u00e4ndig Maschenweite 3 \u00d7 3 cm auch f\u00fcr kleine Katzen inkl. Haken, D\u00fcbeln und Befestigungsleine wetterfest Material: Nylon (Monofil-Garn) Ma\u00dfe: ca. 3 x 2 m Farbe: transparent<\/p>\n","protected":false},"featured_media":45993,"comment_status":"closed","ping_status":"open","template":"","meta":[],"product_cat":[13900],"product_tag":[],"class_list":{"0":"post-45992","1":"product","2":"type-product","3":"status-publish","4":"has-post-thumbnail","6":"product_cat-schutznetze-gitter","8":"first","9":"instock","10":"taxable","11":"shipping-taxable","12":"purchasable","13":"product-type-simple"},"_links":{"self":[{"href":"https:\/\/all-pets.de\/shop\/wp-json\/wp\/v2\/product\/45992","targetHints":{"allow":["GET"]}}],"collection":[{"href":"https:\/\/all-pets.de\/shop\/wp-json\/wp\/v2\/product"}],"about":[{"href":"https:\/\/all-pets.de\/shop\/wp-json\/wp\/v2\/types\/product"}],"replies":[{"embeddable":true,"href":"https:\/\/all-pets.de\/shop\/wp-json\/wp\/v2\/comments?post=45992"}],"wp:featuredmedia":[{"embeddable":true,"href":"https:\/\/all-pets.de\/shop\/wp-json\/wp\/v2\/media\/45993"}],"wp:attachment":[{"href":"https:\/\/all-pets.de\/shop\/wp-json\/wp\/v2\/media?parent=45992"}],"wp:term":[{"taxonomy":"product_cat","embeddable":true,"href":"https:\/\/all-pets.de\/shop\/wp-json\/wp\/v2\/product_cat?post=45992"},{"taxonomy":"product_tag","embeddable":true,"href":"https:\/\/all-pets.de\/shop\/wp-json\/wp\/v2\/product_tag?post=45992"}],"curies":[{"name":"wp","href":"https:\/\/api.w.org\/{rel}","templated":true}]}}