{"id":45996,"date":"2023-12-12T10:50:34","date_gmt":"2023-12-12T09:50:34","guid":{"rendered":"https:\/\/pet-shopping.de\/shop\/produkt\/trixie-2-jute-baelle-mit-sisalband-und-catnip\/"},"modified":"2023-12-12T10:50:37","modified_gmt":"2023-12-12T09:50:37","slug":"trixie-2-jute-baelle-mit-sisalband-und-catnip","status":"publish","type":"product","link":"https:\/\/all-pets.de\/shop\/produkt\/trixie-2-jute-baelle-mit-sisalband-und-catnip\/","title":{"rendered":"Trixie 2 Jute-B\u00e4lle mit Sisalband und Catnip"},"content":{"rendered":"<p>Katzenspielzeug bestehend aus zwei Jute-B\u00e4llen, die durch ein Sisalband verbunden sind.<\/p>\n<p>Mit Catnip, Rasseln und Federn.<\/p>\n<p>Durchmesser der B\u00e4lle: ca. 4,5 cm <\/p>\n<p>Die Farben k\u00f6nnen von der Abbildung abweichen!<\/p>\n","protected":false},"excerpt":{"rendered":"<p>Katzenspielzeug bestehend aus zwei Jute-B\u00e4llen, die durch ein Sisalband verbunden sind. Mit Catnip, Rasseln und Federn. Durchmesser der B\u00e4lle: ca. 4,5 cm Die Farben k\u00f6nnen von der Abbildung abweichen!<\/p>\n","protected":false},"featured_media":26674,"comment_status":"closed","ping_status":"open","template":"","meta":[],"product_cat":[13849],"product_tag":[],"class_list":{"0":"post-45996","1":"product","2":"type-product","3":"status-publish","4":"has-post-thumbnail","6":"product_cat-catnip-baldrian-spielzeug-katzenspielzeug-katzenbaellekatzenwelt","8":"first","9":"instock","10":"taxable","11":"shipping-taxable","12":"purchasable","13":"product-type-simple"},"_links":{"self":[{"href":"https:\/\/all-pets.de\/shop\/wp-json\/wp\/v2\/product\/45996","targetHints":{"allow":["GET"]}}],"collection":[{"href":"https:\/\/all-pets.de\/shop\/wp-json\/wp\/v2\/product"}],"about":[{"href":"https:\/\/all-pets.de\/shop\/wp-json\/wp\/v2\/types\/product"}],"replies":[{"embeddable":true,"href":"https:\/\/all-pets.de\/shop\/wp-json\/wp\/v2\/comments?post=45996"}],"wp:featuredmedia":[{"embeddable":true,"href":"https:\/\/all-pets.de\/shop\/wp-json\/wp\/v2\/media\/26674"}],"wp:attachment":[{"href":"https:\/\/all-pets.de\/shop\/wp-json\/wp\/v2\/media?parent=45996"}],"wp:term":[{"taxonomy":"product_cat","embeddable":true,"href":"https:\/\/all-pets.de\/shop\/wp-json\/wp\/v2\/product_cat?post=45996"},{"taxonomy":"product_tag","embeddable":true,"href":"https:\/\/all-pets.de\/shop\/wp-json\/wp\/v2\/product_tag?post=45996"}],"curies":[{"name":"wp","href":"https:\/\/api.w.org\/{rel}","templated":true}]}}