{"id":45998,"date":"2023-12-12T10:50:38","date_gmt":"2023-12-12T09:50:38","guid":{"rendered":"https:\/\/pet-shopping.de\/shop\/produkt\/trixie-cats-cheese-mit-spielangel-baellen\/"},"modified":"2023-12-12T10:50:39","modified_gmt":"2023-12-12T09:50:39","slug":"trixie-cats-cheese-mit-spielangel-baellen","status":"publish","type":"product","link":"https:\/\/all-pets.de\/shop\/produkt\/trixie-cats-cheese-mit-spielangel-baellen\/","title":{"rendered":"Trixie Cats Cheese mit Spielangel + B\u00e4llen"},"content":{"rendered":"<div class=\"itemDescriptions\">\n<ul><\/ul>\n<\/div>\n<p>Katzenspielzeug mit Pl\u00fcschbezug. Ausgestatttet mit einer Pl\u00fcschmaus an einer Spielangel und drei Spielb\u00e4llen im Inneren des Cats Cheese.<\/p>\n<p>Ma\u00dfe: ca. 36 \u00d7 8 \u00d7 26\/26 cm<\/p>\n<p>Diverse Farben. Die Farbe kann von der Abbildung abweichen!<br clear=\"all\" \/> \u00a0<\/p>\n","protected":false},"excerpt":{"rendered":"<p>Katzenspielzeug mit Pl\u00fcschbezug. Ausgestatttet mit einer Pl\u00fcschmaus an einer Spielangel und drei Spielb\u00e4llen im Inneren des Cats Cheese. Ma\u00dfe: ca. 36 \u00d7 8 \u00d7 26\/26 cm Diverse Farben. Die Farbe kann von der Abbildung abweichen! \u00a0<\/p>\n","protected":false},"featured_media":26678,"comment_status":"closed","ping_status":"open","template":"","meta":[],"product_cat":[14274],"product_tag":[],"class_list":{"0":"post-45998","1":"product","2":"type-product","3":"status-publish","4":"has-post-thumbnail","6":"product_cat-weitere-spielzeuge-katzenspielzeug-katzenbaellekatzenwelt-katzenspielzeug-katzenspielmaeusekatzenwelt-katzenspielzeug-katzenspielangeln-cokatzenwelt","8":"first","9":"instock","10":"taxable","11":"shipping-taxable","12":"purchasable","13":"product-type-simple"},"_links":{"self":[{"href":"https:\/\/all-pets.de\/shop\/wp-json\/wp\/v2\/product\/45998","targetHints":{"allow":["GET"]}}],"collection":[{"href":"https:\/\/all-pets.de\/shop\/wp-json\/wp\/v2\/product"}],"about":[{"href":"https:\/\/all-pets.de\/shop\/wp-json\/wp\/v2\/types\/product"}],"replies":[{"embeddable":true,"href":"https:\/\/all-pets.de\/shop\/wp-json\/wp\/v2\/comments?post=45998"}],"wp:featuredmedia":[{"embeddable":true,"href":"https:\/\/all-pets.de\/shop\/wp-json\/wp\/v2\/media\/26678"}],"wp:attachment":[{"href":"https:\/\/all-pets.de\/shop\/wp-json\/wp\/v2\/media?parent=45998"}],"wp:term":[{"taxonomy":"product_cat","embeddable":true,"href":"https:\/\/all-pets.de\/shop\/wp-json\/wp\/v2\/product_cat?post=45998"},{"taxonomy":"product_tag","embeddable":true,"href":"https:\/\/all-pets.de\/shop\/wp-json\/wp\/v2\/product_tag?post=45998"}],"curies":[{"name":"wp","href":"https:\/\/api.w.org\/{rel}","templated":true}]}}