{"id":46000,"date":"2023-12-12T10:50:38","date_gmt":"2023-12-12T09:50:38","guid":{"rendered":"https:\/\/pet-shopping.de\/shop\/produkt\/trixie-6er-set-spielbaelle\/"},"modified":"2023-12-12T10:50:39","modified_gmt":"2023-12-12T09:50:39","slug":"trixie-6er-set-spielbaelle","status":"publish","type":"product","link":"https:\/\/all-pets.de\/shop\/produkt\/trixie-6er-set-spielbaelle\/","title":{"rendered":"Trixie 6er Set Spielb\u00e4lle"},"content":{"rendered":"<p>Bei diesem Set ist f\u00fcr jeden Geschmack etwas dabei.<\/p>\n<p>Das Set besteht aus 6 verschiedenen Spielb\u00e4llen.<\/p>\n<p>Gr\u00f6\u00dfe: ca. 3,5 bis 4 cm<\/p>\n<p>Zusammensetzung und Farben k\u00f6nnen von der Abbildung abweichen. <\/p>\n<p><font size=\"1\">(Eine Farbwahl ist leider nicht m\u00f6glich, da die Farbe je nach Lagerbestand gew\u00e4hlt wird.)<\/font> <\/p>\n","protected":false},"excerpt":{"rendered":"<p>Bei diesem Set ist f\u00fcr jeden Geschmack etwas dabei. Das Set besteht aus 6 verschiedenen Spielb\u00e4llen. Gr\u00f6\u00dfe: ca. 3,5 bis 4 cm Zusammensetzung und Farben k\u00f6nnen von der Abbildung abweichen. (Eine Farbwahl ist leider nicht m\u00f6glich, da die Farbe je nach Lagerbestand gew\u00e4hlt wird.)<\/p>\n","protected":false},"featured_media":26690,"comment_status":"closed","ping_status":"open","template":"","meta":[],"product_cat":[13808],"product_tag":[],"class_list":{"0":"post-46000","1":"product","2":"type-product","3":"status-publish","4":"has-post-thumbnail","6":"product_cat-katzenbaelle","8":"first","9":"instock","10":"taxable","11":"shipping-taxable","12":"purchasable","13":"product-type-simple"},"_links":{"self":[{"href":"https:\/\/all-pets.de\/shop\/wp-json\/wp\/v2\/product\/46000","targetHints":{"allow":["GET"]}}],"collection":[{"href":"https:\/\/all-pets.de\/shop\/wp-json\/wp\/v2\/product"}],"about":[{"href":"https:\/\/all-pets.de\/shop\/wp-json\/wp\/v2\/types\/product"}],"replies":[{"embeddable":true,"href":"https:\/\/all-pets.de\/shop\/wp-json\/wp\/v2\/comments?post=46000"}],"wp:featuredmedia":[{"embeddable":true,"href":"https:\/\/all-pets.de\/shop\/wp-json\/wp\/v2\/media\/26690"}],"wp:attachment":[{"href":"https:\/\/all-pets.de\/shop\/wp-json\/wp\/v2\/media?parent=46000"}],"wp:term":[{"taxonomy":"product_cat","embeddable":true,"href":"https:\/\/all-pets.de\/shop\/wp-json\/wp\/v2\/product_cat?post=46000"},{"taxonomy":"product_tag","embeddable":true,"href":"https:\/\/all-pets.de\/shop\/wp-json\/wp\/v2\/product_tag?post=46000"}],"curies":[{"name":"wp","href":"https:\/\/api.w.org\/{rel}","templated":true}]}}