{"id":46001,"date":"2023-12-12T10:50:38","date_gmt":"2023-12-12T09:50:38","guid":{"rendered":"https:\/\/pet-shopping.de\/shop\/produkt\/trixie-4-noppenbaelle-aus-gummi-3-cm\/"},"modified":"2023-12-12T10:50:39","modified_gmt":"2023-12-12T09:50:39","slug":"trixie-4-noppenbaelle-aus-gummi-3-cm","status":"publish","type":"product","link":"https:\/\/all-pets.de\/shop\/produkt\/trixie-4-noppenbaelle-aus-gummi-3-cm\/","title":{"rendered":"Trixie 4 Noppenb\u00e4lle aus Gummi &#8211; 3 cm"},"content":{"rendered":"<p>Dieses Set des Herstellers Trixie besteht aus vier Noppenb\u00e4llen in unterschiedlichen Farben.<\/p>\n<p>Diese B\u00e4lle sorgen durch ihre besondere Form f\u00fcr besondes viel Spielspa\u00df, da sie beim Spielen unvorhersehbar springen und rollen. <\/p>\n<p>Aus strapazierf\u00e4higem, weichem Gummi.<\/p>\n<p>Gr\u00f6\u00dfe: ca. 3 cm <\/p>\n<p>\u00a0<\/p>\n<p><\/p>\n","protected":false},"excerpt":{"rendered":"<p>Dieses Set des Herstellers Trixie besteht aus vier Noppenb\u00e4llen in unterschiedlichen Farben. Diese B\u00e4lle sorgen durch ihre besondere Form f\u00fcr besondes viel Spielspa\u00df, da sie beim Spielen unvorhersehbar springen und rollen. Aus strapazierf\u00e4higem, weichem Gummi. Gr\u00f6\u00dfe: ca. 3 cm \u00a0<\/p>\n","protected":false},"featured_media":26692,"comment_status":"closed","ping_status":"open","template":"","meta":[],"product_cat":[13825],"product_tag":[],"class_list":{"0":"post-46001","1":"product","2":"type-product","3":"status-publish","4":"has-post-thumbnail","6":"product_cat-weitere-spielzeuge-katzenspielzeug-katzenbaellekatzenwelt","8":"first","9":"instock","10":"taxable","11":"shipping-taxable","12":"purchasable","13":"product-type-simple"},"_links":{"self":[{"href":"https:\/\/all-pets.de\/shop\/wp-json\/wp\/v2\/product\/46001","targetHints":{"allow":["GET"]}}],"collection":[{"href":"https:\/\/all-pets.de\/shop\/wp-json\/wp\/v2\/product"}],"about":[{"href":"https:\/\/all-pets.de\/shop\/wp-json\/wp\/v2\/types\/product"}],"replies":[{"embeddable":true,"href":"https:\/\/all-pets.de\/shop\/wp-json\/wp\/v2\/comments?post=46001"}],"wp:featuredmedia":[{"embeddable":true,"href":"https:\/\/all-pets.de\/shop\/wp-json\/wp\/v2\/media\/26692"}],"wp:attachment":[{"href":"https:\/\/all-pets.de\/shop\/wp-json\/wp\/v2\/media?parent=46001"}],"wp:term":[{"taxonomy":"product_cat","embeddable":true,"href":"https:\/\/all-pets.de\/shop\/wp-json\/wp\/v2\/product_cat?post=46001"},{"taxonomy":"product_tag","embeddable":true,"href":"https:\/\/all-pets.de\/shop\/wp-json\/wp\/v2\/product_tag?post=46001"}],"curies":[{"name":"wp","href":"https:\/\/api.w.org\/{rel}","templated":true}]}}