{"id":46009,"date":"2023-12-12T10:50:38","date_gmt":"2023-12-12T09:50:38","guid":{"rendered":"https:\/\/pet-shopping.de\/shop\/produkt\/trixie-turbinio-ball-mit-motor-und-maus\/"},"modified":"2023-12-12T10:50:40","modified_gmt":"2023-12-12T09:50:40","slug":"trixie-turbinio-ball-mit-motor-und-maus","status":"publish","type":"product","link":"https:\/\/all-pets.de\/shop\/produkt\/trixie-turbinio-ball-mit-motor-und-maus\/","title":{"rendered":"Trixie Turbinio Ball mit Motor und Maus"},"content":{"rendered":"<p>Bei dem Turbinio handelt es sich um einen Kunststoffball, der mit einem Motor versehen ist und eine Maus am Gummiband hinter sich her schleift.<\/p>\n<p>Durch das ungleichm\u00e4\u00dfige Rollen, welches der Motor bewirkt, wird der Jagdinstinkt Ihrer Katze geweckt und ein tolles Spielvergn\u00fcgen angezettelt.<\/p>\n<p>Der Ball ist batteriebetrieben (AA-Mignon-Batterie, nicht im Lieferumfang enthalten).<\/p>\n<p>Durchmesser: ca. 9 cm<\/p>\n<p>Die Farben k\u00f6nnen von der Abbildung abweichen!<\/p>\n","protected":false},"excerpt":{"rendered":"<p>Bei dem Turbinio handelt es sich um einen Kunststoffball, der mit einem Motor versehen ist und eine Maus am Gummiband hinter sich her schleift. Durch das ungleichm\u00e4\u00dfige Rollen, welches der Motor bewirkt, wird der Jagdinstinkt Ihrer Katze geweckt und ein tolles Spielvergn\u00fcgen angezettelt. Der Ball ist batteriebetrieben (AA-Mignon-Batterie, nicht im Lieferumfang enthalten). Durchmesser: ca. 9 [&hellip;]<\/p>\n","protected":false},"featured_media":26707,"comment_status":"closed","ping_status":"open","template":"","meta":[],"product_cat":[14275],"product_tag":[],"class_list":{"0":"post-46009","1":"product","2":"type-product","3":"status-publish","4":"has-post-thumbnail","6":"product_cat-katzenspielmaeuse-katzenspielzeug-katzenbaellekatzenwelt","8":"first","9":"instock","10":"taxable","11":"shipping-taxable","12":"purchasable","13":"product-type-simple"},"_links":{"self":[{"href":"https:\/\/all-pets.de\/shop\/wp-json\/wp\/v2\/product\/46009","targetHints":{"allow":["GET"]}}],"collection":[{"href":"https:\/\/all-pets.de\/shop\/wp-json\/wp\/v2\/product"}],"about":[{"href":"https:\/\/all-pets.de\/shop\/wp-json\/wp\/v2\/types\/product"}],"replies":[{"embeddable":true,"href":"https:\/\/all-pets.de\/shop\/wp-json\/wp\/v2\/comments?post=46009"}],"wp:featuredmedia":[{"embeddable":true,"href":"https:\/\/all-pets.de\/shop\/wp-json\/wp\/v2\/media\/26707"}],"wp:attachment":[{"href":"https:\/\/all-pets.de\/shop\/wp-json\/wp\/v2\/media?parent=46009"}],"wp:term":[{"taxonomy":"product_cat","embeddable":true,"href":"https:\/\/all-pets.de\/shop\/wp-json\/wp\/v2\/product_cat?post=46009"},{"taxonomy":"product_tag","embeddable":true,"href":"https:\/\/all-pets.de\/shop\/wp-json\/wp\/v2\/product_tag?post=46009"}],"curies":[{"name":"wp","href":"https:\/\/api.w.org\/{rel}","templated":true}]}}