{"id":46011,"date":"2023-12-12T10:50:38","date_gmt":"2023-12-12T09:50:38","guid":{"rendered":"https:\/\/pet-shopping.de\/shop\/produkt\/trixie-spielangel-mit-plueschband-49-cm\/"},"modified":"2023-12-12T10:50:40","modified_gmt":"2023-12-12T09:50:40","slug":"trixie-spielangel-mit-plueschband-49-cm","status":"publish","type":"product","link":"https:\/\/all-pets.de\/shop\/produkt\/trixie-spielangel-mit-plueschband-49-cm\/","title":{"rendered":"Trixie Spielangel mit Pl\u00fcschband &#8211; 49 cm"},"content":{"rendered":"<p>Katzenangeln sorgen f\u00fcr extra langen Spielspa\u00df und Interaktion zwischen Katze und Mensch. So auch dieses niedliche Exemplar. Die Angel ist mit einem Pl\u00fcschband best\u00fcckt und au\u00dferdem mit Federn ausgestattet. <\/p>\n<p>L\u00e4nge des Stabs: ca. 49 cm<br \/> L\u00e4nge des Pl\u00fcschbandes: ca. 30 cm<\/p>\n<p>Diverse Farben. Eine Farbwahl ist leider nicht m\u00f6glich, da die Farbe je nach Lagerbestand gew\u00e4hlt wird.<\/p>\n","protected":false},"excerpt":{"rendered":"<p>Katzenangeln sorgen f\u00fcr extra langen Spielspa\u00df und Interaktion zwischen Katze und Mensch. So auch dieses niedliche Exemplar. Die Angel ist mit einem Pl\u00fcschband best\u00fcckt und au\u00dferdem mit Federn ausgestattet. L\u00e4nge des Stabs: ca. 49 cm L\u00e4nge des Pl\u00fcschbandes: ca. 30 cm Diverse Farben. Eine Farbwahl ist leider nicht m\u00f6glich, da die Farbe je nach Lagerbestand [&hellip;]<\/p>\n","protected":false},"featured_media":26718,"comment_status":"closed","ping_status":"open","template":"","meta":[],"product_cat":[13881],"product_tag":[],"class_list":{"0":"post-46011","1":"product","2":"type-product","3":"status-publish","4":"has-post-thumbnail","6":"product_cat-katzenspielangeln-co-katzenspielzeug","8":"first","9":"instock","10":"taxable","11":"shipping-taxable","12":"purchasable","13":"product-type-simple"},"_links":{"self":[{"href":"https:\/\/all-pets.de\/shop\/wp-json\/wp\/v2\/product\/46011","targetHints":{"allow":["GET"]}}],"collection":[{"href":"https:\/\/all-pets.de\/shop\/wp-json\/wp\/v2\/product"}],"about":[{"href":"https:\/\/all-pets.de\/shop\/wp-json\/wp\/v2\/types\/product"}],"replies":[{"embeddable":true,"href":"https:\/\/all-pets.de\/shop\/wp-json\/wp\/v2\/comments?post=46011"}],"wp:featuredmedia":[{"embeddable":true,"href":"https:\/\/all-pets.de\/shop\/wp-json\/wp\/v2\/media\/26718"}],"wp:attachment":[{"href":"https:\/\/all-pets.de\/shop\/wp-json\/wp\/v2\/media?parent=46011"}],"wp:term":[{"taxonomy":"product_cat","embeddable":true,"href":"https:\/\/all-pets.de\/shop\/wp-json\/wp\/v2\/product_cat?post=46011"},{"taxonomy":"product_tag","embeddable":true,"href":"https:\/\/all-pets.de\/shop\/wp-json\/wp\/v2\/product_tag?post=46011"}],"curies":[{"name":"wp","href":"https:\/\/api.w.org\/{rel}","templated":true}]}}