{"id":46012,"date":"2023-12-12T10:50:38","date_gmt":"2023-12-12T09:50:38","guid":{"rendered":"https:\/\/pet-shopping.de\/shop\/produkt\/trixie-jod-pickstein-klein-20-g\/"},"modified":"2023-12-12T10:50:40","modified_gmt":"2023-12-12T09:50:40","slug":"trixie-jod-pickstein-klein-20-g","status":"publish","type":"product","link":"https:\/\/all-pets.de\/shop\/produkt\/trixie-jod-pickstein-klein-20-g\/","title":{"rendered":"Trixie Jod-Pickstein, klein, 20 g"},"content":{"rendered":"<p>Der Jod-Pickstein versorgt Ihren kleinen Liebling mit lebensnotwendigen Salzen und Mineralien, die im normalen Futter nicht ausreichend vorhanden sind. Der Pickstein ist ein reines Naturprodukt. Er st\u00e4rkt das Immunsystem, f\u00f6rdert den gesunden Knochenaufbau, dient der nat\u00fcrlichen Schnabelpflege und regt den Stoffwechsel an. Besonders w\u00e4hrend der Mauser sollte der Jod-Pickstein in keinem K\u00e4fig fehlen.Mit Halter zur Befetsigung im K\u00e4figgitter.<\/p>\n<p>Gewicht: 20g<br \/> Geeignet z. B. f\u00fcr Wellensittiche und Kanarienv\u00f6gel.<\/p>\n<p>Zusammensetzung: Calciumsulfat, Calciumbicarbonat, Reismehl, Wasser, Weizenmehl. <\/p>\n<p>Inhaltsstoffe: Rohasche 11,6%, Rohfaser 2,9%, Rohprotein 0,22%, Rohfett 0,2%, Feuchtigkeit 10,0%.<\/p>\n<p>Zusatzstoffe: Zinksulfat 8,5g  Vitamin B1 0,7g  Vitamin B2 0,3g  Jod 0,1g<\/p>\n<p><\/p>\n","protected":false},"excerpt":{"rendered":"<p>Der Jod-Pickstein versorgt Ihren kleinen Liebling mit lebensnotwendigen Salzen und Mineralien, die im normalen Futter nicht ausreichend vorhanden sind. Der Pickstein ist ein reines Naturprodukt. Er st\u00e4rkt das Immunsystem, f\u00f6rdert den gesunden Knochenaufbau, dient der nat\u00fcrlichen Schnabelpflege und regt den Stoffwechsel an. Besonders w\u00e4hrend der Mauser sollte der Jod-Pickstein in keinem K\u00e4fig fehlen.Mit Halter zur [&hellip;]<\/p>\n","protected":false},"featured_media":26720,"comment_status":"closed","ping_status":"open","template":"","meta":[],"product_cat":[13700],"product_tag":[],"class_list":{"0":"post-46012","1":"product","2":"type-product","3":"status-publish","4":"has-post-thumbnail","6":"product_cat-picksteine-mineralien","8":"first","9":"instock","10":"taxable","11":"shipping-taxable","12":"purchasable","13":"product-type-simple"},"_links":{"self":[{"href":"https:\/\/all-pets.de\/shop\/wp-json\/wp\/v2\/product\/46012","targetHints":{"allow":["GET"]}}],"collection":[{"href":"https:\/\/all-pets.de\/shop\/wp-json\/wp\/v2\/product"}],"about":[{"href":"https:\/\/all-pets.de\/shop\/wp-json\/wp\/v2\/types\/product"}],"replies":[{"embeddable":true,"href":"https:\/\/all-pets.de\/shop\/wp-json\/wp\/v2\/comments?post=46012"}],"wp:featuredmedia":[{"embeddable":true,"href":"https:\/\/all-pets.de\/shop\/wp-json\/wp\/v2\/media\/26720"}],"wp:attachment":[{"href":"https:\/\/all-pets.de\/shop\/wp-json\/wp\/v2\/media?parent=46012"}],"wp:term":[{"taxonomy":"product_cat","embeddable":true,"href":"https:\/\/all-pets.de\/shop\/wp-json\/wp\/v2\/product_cat?post=46012"},{"taxonomy":"product_tag","embeddable":true,"href":"https:\/\/all-pets.de\/shop\/wp-json\/wp\/v2\/product_tag?post=46012"}],"curies":[{"name":"wp","href":"https:\/\/api.w.org\/{rel}","templated":true}]}}