{"id":46013,"date":"2023-12-12T10:50:38","date_gmt":"2023-12-12T09:50:38","guid":{"rendered":"https:\/\/pet-shopping.de\/shop\/produkt\/trixie-jod-pickstein-80-g\/"},"modified":"2023-12-12T10:50:41","modified_gmt":"2023-12-12T09:50:41","slug":"trixie-jod-pickstein-80-g","status":"publish","type":"product","link":"https:\/\/all-pets.de\/shop\/produkt\/trixie-jod-pickstein-80-g\/","title":{"rendered":"Trixie Jod-Pickstein &#8211; 80 g"},"content":{"rendered":"<p>Der Jod-Pickstein versorgt Ihren kleinen Liebling mit lebensnotwendigen Salzen und Mineralien, die im normalen Futter nicht ausreichend vorhanden sind. Der Pickstein ist ein reines Naturprodukt. Er st\u00e4rkt das Immunsystem, f\u00f6rdert den gesunden Knochenaufbau, dient der nat\u00fcrlichen Schnabelpflege und regt den Stoffwechsel an. Besonders w\u00e4hrend der Mauser sollte der Jod-Pickstein in keinem K\u00e4fig fehlen.Mit Halter zur Befetsigung im K\u00e4figgitter.<\/p>\n<p>Gewicht: 80g<\/p>\n<p> Geeignet z. B. f\u00fcr Papageien und Gro\u00dfsittiche.<\/p>\n<p>Zusammensetzung: Mineralstoffe, 1% Salz, Jod. Gef\u00e4rbt nach EG-Richtlinien. <\/p>\n<p>Inhaltsstoffe: Rohasche 80,5%, Rohprotein 0,2%, Rohfaser 0,1%, Rohfett 0,1%.<\/p>\n","protected":false},"excerpt":{"rendered":"<p>Der Jod-Pickstein versorgt Ihren kleinen Liebling mit lebensnotwendigen Salzen und Mineralien, die im normalen Futter nicht ausreichend vorhanden sind. Der Pickstein ist ein reines Naturprodukt. Er st\u00e4rkt das Immunsystem, f\u00f6rdert den gesunden Knochenaufbau, dient der nat\u00fcrlichen Schnabelpflege und regt den Stoffwechsel an. Besonders w\u00e4hrend der Mauser sollte der Jod-Pickstein in keinem K\u00e4fig fehlen.Mit Halter zur [&hellip;]<\/p>\n","protected":false},"featured_media":26722,"comment_status":"closed","ping_status":"open","template":"","meta":[],"product_cat":[13700],"product_tag":[],"class_list":{"0":"post-46013","1":"product","2":"type-product","3":"status-publish","4":"has-post-thumbnail","6":"product_cat-picksteine-mineralien","8":"first","9":"instock","10":"taxable","11":"shipping-taxable","12":"purchasable","13":"product-type-simple"},"_links":{"self":[{"href":"https:\/\/all-pets.de\/shop\/wp-json\/wp\/v2\/product\/46013","targetHints":{"allow":["GET"]}}],"collection":[{"href":"https:\/\/all-pets.de\/shop\/wp-json\/wp\/v2\/product"}],"about":[{"href":"https:\/\/all-pets.de\/shop\/wp-json\/wp\/v2\/types\/product"}],"replies":[{"embeddable":true,"href":"https:\/\/all-pets.de\/shop\/wp-json\/wp\/v2\/comments?post=46013"}],"wp:featuredmedia":[{"embeddable":true,"href":"https:\/\/all-pets.de\/shop\/wp-json\/wp\/v2\/media\/26722"}],"wp:attachment":[{"href":"https:\/\/all-pets.de\/shop\/wp-json\/wp\/v2\/media?parent=46013"}],"wp:term":[{"taxonomy":"product_cat","embeddable":true,"href":"https:\/\/all-pets.de\/shop\/wp-json\/wp\/v2\/product_cat?post=46013"},{"taxonomy":"product_tag","embeddable":true,"href":"https:\/\/all-pets.de\/shop\/wp-json\/wp\/v2\/product_tag?post=46013"}],"curies":[{"name":"wp","href":"https:\/\/api.w.org\/{rel}","templated":true}]}}