{"id":46014,"date":"2023-12-12T10:50:38","date_gmt":"2023-12-12T09:50:38","guid":{"rendered":"https:\/\/pet-shopping.de\/shop\/produkt\/trixie-baumwollring-25-cm\/"},"modified":"2023-12-12T10:50:41","modified_gmt":"2023-12-12T09:50:41","slug":"trixie-baumwollring-25-cm","status":"publish","type":"product","link":"https:\/\/all-pets.de\/shop\/produkt\/trixie-baumwollring-25-cm\/","title":{"rendered":"Trixie Baumwollring, 25 cm"},"content":{"rendered":"<p>Spielzeug aus Baumwolle f\u00fcr Papageien und Nymphensittiche.<br \/> Einfache Befestigung im K\u00e4fig- oder Volierengitter durch montierten Haken. <\/p>\n<p>Durchmesser des Ringes: ca. 25 cm<br \/> Seilst\u00e4rke: ca. 2 cm<\/p>\n","protected":false},"excerpt":{"rendered":"<p>Spielzeug aus Baumwolle f\u00fcr Papageien und Nymphensittiche. Einfache Befestigung im K\u00e4fig- oder Volierengitter durch montierten Haken. Durchmesser des Ringes: ca. 25 cm Seilst\u00e4rke: ca. 2 cm<\/p>\n","protected":false},"featured_media":26733,"comment_status":"closed","ping_status":"open","template":"","meta":[],"product_cat":[13807],"product_tag":[],"class_list":{"0":"post-46014","1":"product","2":"type-product","3":"status-publish","4":"has-post-thumbnail","6":"product_cat-spielzeug-ausstattung-zubehoer-vogelschaukelnvogelwelt-ausstattung-zubehoer-vogelwelt","8":"first","9":"instock","10":"taxable","11":"shipping-taxable","12":"purchasable","13":"product-type-simple"},"_links":{"self":[{"href":"https:\/\/all-pets.de\/shop\/wp-json\/wp\/v2\/product\/46014","targetHints":{"allow":["GET"]}}],"collection":[{"href":"https:\/\/all-pets.de\/shop\/wp-json\/wp\/v2\/product"}],"about":[{"href":"https:\/\/all-pets.de\/shop\/wp-json\/wp\/v2\/types\/product"}],"replies":[{"embeddable":true,"href":"https:\/\/all-pets.de\/shop\/wp-json\/wp\/v2\/comments?post=46014"}],"wp:featuredmedia":[{"embeddable":true,"href":"https:\/\/all-pets.de\/shop\/wp-json\/wp\/v2\/media\/26733"}],"wp:attachment":[{"href":"https:\/\/all-pets.de\/shop\/wp-json\/wp\/v2\/media?parent=46014"}],"wp:term":[{"taxonomy":"product_cat","embeddable":true,"href":"https:\/\/all-pets.de\/shop\/wp-json\/wp\/v2\/product_cat?post=46014"},{"taxonomy":"product_tag","embeddable":true,"href":"https:\/\/all-pets.de\/shop\/wp-json\/wp\/v2\/product_tag?post=46014"}],"curies":[{"name":"wp","href":"https:\/\/api.w.org\/{rel}","templated":true}]}}