{"id":46016,"date":"2023-12-12T10:50:38","date_gmt":"2023-12-12T09:50:38","guid":{"rendered":"https:\/\/pet-shopping.de\/shop\/produkt\/trixie-badewanne\/"},"modified":"2023-12-12T10:50:41","modified_gmt":"2023-12-12T09:50:41","slug":"trixie-badewanne","status":"publish","type":"product","link":"https:\/\/all-pets.de\/shop\/produkt\/trixie-badewanne\/","title":{"rendered":"Trixie Badewanne"},"content":{"rendered":"<p>Diese Badewanne bietet dem Vogel die Gelegenheit zu baden, wann und wie oft er will. Es ist jedoch ratsam, die Badewanne nur zeitweise in den K\u00e4fig zu stellen, da sicherlich nach einiger Zeit auch Kot in der Wanne zu finden w\u00e4re.<\/p>\n<p>Ma\u00dfe: ca. 14 x 8 cm<\/p>\n<p><font size=\"1\">(Eine Farbwahl ist leider nicht m\u00f6glich, da die Farbe je nach Lagerbestand gew\u00e4hlt wird. \/ Die Farbe kann von der Abbildung abweichen!)<\/font><\/p>\n","protected":false},"excerpt":{"rendered":"<p>Diese Badewanne bietet dem Vogel die Gelegenheit zu baden, wann und wie oft er will. Es ist jedoch ratsam, die Badewanne nur zeitweise in den K\u00e4fig zu stellen, da sicherlich nach einiger Zeit auch Kot in der Wanne zu finden w\u00e4re. Ma\u00dfe: ca. 14 x 8 cm (Eine Farbwahl ist leider nicht m\u00f6glich, da die [&hellip;]<\/p>\n","protected":false},"featured_media":26782,"comment_status":"closed","ping_status":"open","template":"","meta":[],"product_cat":[13950],"product_tag":[],"class_list":{"0":"post-46016","1":"product","2":"type-product","3":"status-publish","4":"has-post-thumbnail","6":"product_cat-badehaeuser","8":"first","9":"instock","10":"taxable","11":"shipping-taxable","12":"purchasable","13":"product-type-simple"},"_links":{"self":[{"href":"https:\/\/all-pets.de\/shop\/wp-json\/wp\/v2\/product\/46016","targetHints":{"allow":["GET"]}}],"collection":[{"href":"https:\/\/all-pets.de\/shop\/wp-json\/wp\/v2\/product"}],"about":[{"href":"https:\/\/all-pets.de\/shop\/wp-json\/wp\/v2\/types\/product"}],"replies":[{"embeddable":true,"href":"https:\/\/all-pets.de\/shop\/wp-json\/wp\/v2\/comments?post=46016"}],"wp:featuredmedia":[{"embeddable":true,"href":"https:\/\/all-pets.de\/shop\/wp-json\/wp\/v2\/media\/26782"}],"wp:attachment":[{"href":"https:\/\/all-pets.de\/shop\/wp-json\/wp\/v2\/media?parent=46016"}],"wp:term":[{"taxonomy":"product_cat","embeddable":true,"href":"https:\/\/all-pets.de\/shop\/wp-json\/wp\/v2\/product_cat?post=46016"},{"taxonomy":"product_tag","embeddable":true,"href":"https:\/\/all-pets.de\/shop\/wp-json\/wp\/v2\/product_tag?post=46016"}],"curies":[{"name":"wp","href":"https:\/\/api.w.org\/{rel}","templated":true}]}}