{"id":46017,"date":"2023-12-12T10:50:38","date_gmt":"2023-12-12T09:50:38","guid":{"rendered":"https:\/\/pet-shopping.de\/shop\/produkt\/trixie-badehaus-15-x-135-x-135-cm\/"},"modified":"2023-12-12T10:50:41","modified_gmt":"2023-12-12T09:50:41","slug":"trixie-badehaus-15-x-135-x-135-cm","status":"publish","type":"product","link":"https:\/\/all-pets.de\/shop\/produkt\/trixie-badehaus-15-x-135-x-135-cm\/","title":{"rendered":"Trixie Badehaus &#8211; 15 x 13,5 x 13,5 cm"},"content":{"rendered":"<p>Dieses halbrunde Badehaus eignet sich f\u00fcr Wellensittiche, Kanarien, Finken und \u00e4hnlich gro\u00dfe Vogelarten. Es besteht aus Kunststoff und wird einfach in die K\u00e4figt\u00fcr eingehangen. Das Oberteil ist transparent, die Wanne ist aus farbigem Kunststoff.<\/p>\n<p>Gesamtma\u00dfe: ca.15 x 13,5 x 13,5 cm (LxBxH)<\/p>\n<p>Diverse Farben. Eine Farbwahl ist leider nicht m\u00f6glich, da die Farbe je nach Lagerbestand gew\u00e4hlt wird.<\/p>\n","protected":false},"excerpt":{"rendered":"<p>Dieses halbrunde Badehaus eignet sich f\u00fcr Wellensittiche, Kanarien, Finken und \u00e4hnlich gro\u00dfe Vogelarten. Es besteht aus Kunststoff und wird einfach in die K\u00e4figt\u00fcr eingehangen. Das Oberteil ist transparent, die Wanne ist aus farbigem Kunststoff. Gesamtma\u00dfe: ca.15 x 13,5 x 13,5 cm (LxBxH) Diverse Farben. Eine Farbwahl ist leider nicht m\u00f6glich, da die Farbe je nach [&hellip;]<\/p>\n","protected":false},"featured_media":26786,"comment_status":"closed","ping_status":"open","template":"","meta":[],"product_cat":[13950],"product_tag":[],"class_list":{"0":"post-46017","1":"product","2":"type-product","3":"status-publish","4":"has-post-thumbnail","6":"product_cat-badehaeuser","8":"first","9":"instock","10":"taxable","11":"shipping-taxable","12":"purchasable","13":"product-type-simple"},"_links":{"self":[{"href":"https:\/\/all-pets.de\/shop\/wp-json\/wp\/v2\/product\/46017","targetHints":{"allow":["GET"]}}],"collection":[{"href":"https:\/\/all-pets.de\/shop\/wp-json\/wp\/v2\/product"}],"about":[{"href":"https:\/\/all-pets.de\/shop\/wp-json\/wp\/v2\/types\/product"}],"replies":[{"embeddable":true,"href":"https:\/\/all-pets.de\/shop\/wp-json\/wp\/v2\/comments?post=46017"}],"wp:featuredmedia":[{"embeddable":true,"href":"https:\/\/all-pets.de\/shop\/wp-json\/wp\/v2\/media\/26786"}],"wp:attachment":[{"href":"https:\/\/all-pets.de\/shop\/wp-json\/wp\/v2\/media?parent=46017"}],"wp:term":[{"taxonomy":"product_cat","embeddable":true,"href":"https:\/\/all-pets.de\/shop\/wp-json\/wp\/v2\/product_cat?post=46017"},{"taxonomy":"product_tag","embeddable":true,"href":"https:\/\/all-pets.de\/shop\/wp-json\/wp\/v2\/product_tag?post=46017"}],"curies":[{"name":"wp","href":"https:\/\/api.w.org\/{rel}","templated":true}]}}