{"id":46025,"date":"2023-12-12T10:50:38","date_gmt":"2023-12-12T09:50:38","guid":{"rendered":"https:\/\/pet-shopping.de\/shop\/produkt\/trixie-traenke-futterautomat-50-ml\/"},"modified":"2023-12-12T10:50:42","modified_gmt":"2023-12-12T09:50:42","slug":"trixie-traenke-futterautomat-50-ml","status":"publish","type":"product","link":"https:\/\/all-pets.de\/shop\/produkt\/trixie-traenke-futterautomat-50-ml\/","title":{"rendered":"Trixie Tr\u00e4nke \/ Futterautomat &#8211; 50 ml"},"content":{"rendered":"<p>Kann als Tr\u00e4nke oder Futterspender f\u00fcr kleine Vogelarten, wie Kanarien, Wellensittiche und \u00e4hnlich gro\u00dfe V\u00f6gel, verwendet werden. Wird einfach im K\u00e4figgitter befestigt.<\/p>\n<p>Fassungsverm\u00f6gen: ca. 50 ml<br \/> Gesamtma\u00dfe: ca. 5 x 3 x 11,5 cm (LxBxH)<\/p>\n<p>Diverse Farben. Eine Farbwahl ist leider nicht m\u00f6glich, da die Farbe je nach Lagerbestand gew\u00e4hlt wird.<\/p>\n","protected":false},"excerpt":{"rendered":"<p>Kann als Tr\u00e4nke oder Futterspender f\u00fcr kleine Vogelarten, wie Kanarien, Wellensittiche und \u00e4hnlich gro\u00dfe V\u00f6gel, verwendet werden. Wird einfach im K\u00e4figgitter befestigt. Fassungsverm\u00f6gen: ca. 50 ml Gesamtma\u00dfe: ca. 5 x 3 x 11,5 cm (LxBxH) Diverse Farben. Eine Farbwahl ist leider nicht m\u00f6glich, da die Farbe je nach Lagerbestand gew\u00e4hlt wird.<\/p>\n","protected":false},"featured_media":46026,"comment_status":"closed","ping_status":"open","template":"","meta":[],"product_cat":[13712],"product_tag":[],"class_list":{"0":"post-46025","1":"product","2":"type-product","3":"status-publish","4":"has-post-thumbnail","6":"product_cat-vogelnaepfe-vogeltraenken","8":"first","9":"instock","10":"taxable","11":"shipping-taxable","12":"purchasable","13":"product-type-simple"},"_links":{"self":[{"href":"https:\/\/all-pets.de\/shop\/wp-json\/wp\/v2\/product\/46025","targetHints":{"allow":["GET"]}}],"collection":[{"href":"https:\/\/all-pets.de\/shop\/wp-json\/wp\/v2\/product"}],"about":[{"href":"https:\/\/all-pets.de\/shop\/wp-json\/wp\/v2\/types\/product"}],"replies":[{"embeddable":true,"href":"https:\/\/all-pets.de\/shop\/wp-json\/wp\/v2\/comments?post=46025"}],"wp:featuredmedia":[{"embeddable":true,"href":"https:\/\/all-pets.de\/shop\/wp-json\/wp\/v2\/media\/46026"}],"wp:attachment":[{"href":"https:\/\/all-pets.de\/shop\/wp-json\/wp\/v2\/media?parent=46025"}],"wp:term":[{"taxonomy":"product_cat","embeddable":true,"href":"https:\/\/all-pets.de\/shop\/wp-json\/wp\/v2\/product_cat?post=46025"},{"taxonomy":"product_tag","embeddable":true,"href":"https:\/\/all-pets.de\/shop\/wp-json\/wp\/v2\/product_tag?post=46025"}],"curies":[{"name":"wp","href":"https:\/\/api.w.org\/{rel}","templated":true}]}}