{"id":46038,"date":"2023-12-12T10:50:44","date_gmt":"2023-12-12T09:50:44","guid":{"rendered":"https:\/\/pet-shopping.de\/shop\/produkt\/trixie-exotennest-11-x-12-cm\/"},"modified":"2023-12-12T10:50:45","modified_gmt":"2023-12-12T09:50:45","slug":"trixie-exotennest-11-x-12-cm","status":"publish","type":"product","link":"https:\/\/all-pets.de\/shop\/produkt\/trixie-exotennest-11-x-12-cm\/","title":{"rendered":"Trixie Exotennest &#8211; 11 x 12 cm"},"content":{"rendered":"<p>Dieses Exotennest des Herstellers Trixie besteht aus Bambus und ist zur einfachen Anbringung am K\u00e4figgitter mit Befestigungshaken ausgestattet.<\/p>\n<p> &#8211; Gr\u00f6\u00dfe: ca. 11 x 12 cm<\/p>\n<p><font size=\"1\">Der Verein der Wellensittich-Freunde Deutschland e.V. weist darauf hin, dass Nistk\u00e4sten u.\u00e4. Wellensittiche und evtl. auch andere Vogelarten zum Br\u00fcten animieren k\u00f6nnen und dass, wenn man mit Krummschn\u00e4beln (wozu auch Wellensittiche geh\u00f6ren) z\u00fcchten m\u00f6chte, in Deutschland eine Zuchtgenehmigung ben\u00f6tigt wird. Weitere Informationen finden Sie hier: www.vwfd.de.<\/font><\/p>\n","protected":false},"excerpt":{"rendered":"<p>Dieses Exotennest des Herstellers Trixie besteht aus Bambus und ist zur einfachen Anbringung am K\u00e4figgitter mit Befestigungshaken ausgestattet. &#8211; Gr\u00f6\u00dfe: ca. 11 x 12 cm Der Verein der Wellensittich-Freunde Deutschland e.V. weist darauf hin, dass Nistk\u00e4sten u.\u00e4. Wellensittiche und evtl. auch andere Vogelarten zum Br\u00fcten animieren k\u00f6nnen und dass, wenn man mit Krummschn\u00e4beln (wozu auch [&hellip;]<\/p>\n","protected":false},"featured_media":26822,"comment_status":"closed","ping_status":"open","template":"","meta":[],"product_cat":[13681],"product_tag":[],"class_list":{"0":"post-46038","1":"product","2":"type-product","3":"status-publish","4":"has-post-thumbnail","6":"product_cat-nester-nistmaterial","8":"first","9":"instock","10":"taxable","11":"shipping-taxable","12":"purchasable","13":"product-type-simple"},"_links":{"self":[{"href":"https:\/\/all-pets.de\/shop\/wp-json\/wp\/v2\/product\/46038","targetHints":{"allow":["GET"]}}],"collection":[{"href":"https:\/\/all-pets.de\/shop\/wp-json\/wp\/v2\/product"}],"about":[{"href":"https:\/\/all-pets.de\/shop\/wp-json\/wp\/v2\/types\/product"}],"replies":[{"embeddable":true,"href":"https:\/\/all-pets.de\/shop\/wp-json\/wp\/v2\/comments?post=46038"}],"wp:featuredmedia":[{"embeddable":true,"href":"https:\/\/all-pets.de\/shop\/wp-json\/wp\/v2\/media\/26822"}],"wp:attachment":[{"href":"https:\/\/all-pets.de\/shop\/wp-json\/wp\/v2\/media?parent=46038"}],"wp:term":[{"taxonomy":"product_cat","embeddable":true,"href":"https:\/\/all-pets.de\/shop\/wp-json\/wp\/v2\/product_cat?post=46038"},{"taxonomy":"product_tag","embeddable":true,"href":"https:\/\/all-pets.de\/shop\/wp-json\/wp\/v2\/product_tag?post=46038"}],"curies":[{"name":"wp","href":"https:\/\/api.w.org\/{rel}","templated":true}]}}