{"id":46041,"date":"2023-12-12T10:50:44","date_gmt":"2023-12-12T09:50:44","guid":{"rendered":"https:\/\/pet-shopping.de\/shop\/produkt\/trixie-nistmaterial-scharpie-50-g\/"},"modified":"2023-12-12T10:50:45","modified_gmt":"2023-12-12T09:50:45","slug":"trixie-nistmaterial-scharpie-50-g","status":"publish","type":"product","link":"https:\/\/all-pets.de\/shop\/produkt\/trixie-nistmaterial-scharpie-50-g\/","title":{"rendered":"Trixie Nistmaterial Scharpie &#8211; 50 g"},"content":{"rendered":"<p>Es eignet sich ideal als Nistmaterial f\u00fcr V\u00f6gel, Hamster, M\u00e4use u. a. Kleintiere.<\/p>\n<p>Vollverdauliche Baumwolle.<\/p>\n","protected":false},"excerpt":{"rendered":"<p>Es eignet sich ideal als Nistmaterial f\u00fcr V\u00f6gel, Hamster, M\u00e4use u. a. Kleintiere. Vollverdauliche Baumwolle.<\/p>\n","protected":false},"featured_media":26830,"comment_status":"closed","ping_status":"open","template":"","meta":[],"product_cat":[14278],"product_tag":[],"class_list":{"0":"post-46041","1":"product","2":"type-product","3":"status-publish","4":"has-post-thumbnail","6":"product_cat-nester-nistmaterial-ausstattung-zubehoer-einstreu-nistmaterialvogelwelt","8":"first","9":"instock","10":"taxable","11":"shipping-taxable","12":"purchasable","13":"product-type-simple"},"_links":{"self":[{"href":"https:\/\/all-pets.de\/shop\/wp-json\/wp\/v2\/product\/46041","targetHints":{"allow":["GET"]}}],"collection":[{"href":"https:\/\/all-pets.de\/shop\/wp-json\/wp\/v2\/product"}],"about":[{"href":"https:\/\/all-pets.de\/shop\/wp-json\/wp\/v2\/types\/product"}],"replies":[{"embeddable":true,"href":"https:\/\/all-pets.de\/shop\/wp-json\/wp\/v2\/comments?post=46041"}],"wp:featuredmedia":[{"embeddable":true,"href":"https:\/\/all-pets.de\/shop\/wp-json\/wp\/v2\/media\/26830"}],"wp:attachment":[{"href":"https:\/\/all-pets.de\/shop\/wp-json\/wp\/v2\/media?parent=46041"}],"wp:term":[{"taxonomy":"product_cat","embeddable":true,"href":"https:\/\/all-pets.de\/shop\/wp-json\/wp\/v2\/product_cat?post=46041"},{"taxonomy":"product_tag","embeddable":true,"href":"https:\/\/all-pets.de\/shop\/wp-json\/wp\/v2\/product_tag?post=46041"}],"curies":[{"name":"wp","href":"https:\/\/api.w.org\/{rel}","templated":true}]}}