{"id":46044,"date":"2023-12-12T10:50:44","date_gmt":"2023-12-12T09:50:44","guid":{"rendered":"https:\/\/pet-shopping.de\/shop\/produkt\/trixie-naturholz-spielplatz-fuer-voegel\/"},"modified":"2023-12-12T10:50:46","modified_gmt":"2023-12-12T09:50:46","slug":"trixie-naturholz-spielplatz-fuer-voegel","status":"publish","type":"product","link":"https:\/\/all-pets.de\/shop\/produkt\/trixie-naturholz-spielplatz-fuer-voegel\/","title":{"rendered":"Trixie Naturholz-Spielplatz f\u00fcr V\u00f6gel"},"content":{"rendered":"<p>Der Spielplatz f\u00fcr kleine Vogelarten, wie Wellensittiche und Kanarien, bietet Ihrem gefiederten kleinen Freund allerlei Besch\u00e4ftigungsm\u00f6glichkeiten. Der Spielplatz ist mit Leitern, Schaukel und Strickleiter ausgestattet und sorgt f\u00fcr gesunde Bewegung im Vogelleben. M\u00fchelose Montage. <\/p>\n<p>Au\u00dfenma\u00dfe: ca. 28 x 21,5 x 25 cm (LxBxH)<\/p>\n","protected":false},"excerpt":{"rendered":"<p>Der Spielplatz f\u00fcr kleine Vogelarten, wie Wellensittiche und Kanarien, bietet Ihrem gefiederten kleinen Freund allerlei Besch\u00e4ftigungsm\u00f6glichkeiten. Der Spielplatz ist mit Leitern, Schaukel und Strickleiter ausgestattet und sorgt f\u00fcr gesunde Bewegung im Vogelleben. M\u00fchelose Montage. Au\u00dfenma\u00dfe: ca. 28 x 21,5 x 25 cm (LxBxH)<\/p>\n","protected":false},"featured_media":26838,"comment_status":"closed","ping_status":"open","template":"","meta":[],"product_cat":[13692],"product_tag":[],"class_list":{"0":"post-46044","1":"product","2":"type-product","3":"status-publish","4":"has-post-thumbnail","6":"product_cat-spielzeug","8":"first","9":"instock","10":"taxable","11":"shipping-taxable","12":"purchasable","13":"product-type-simple"},"_links":{"self":[{"href":"https:\/\/all-pets.de\/shop\/wp-json\/wp\/v2\/product\/46044","targetHints":{"allow":["GET"]}}],"collection":[{"href":"https:\/\/all-pets.de\/shop\/wp-json\/wp\/v2\/product"}],"about":[{"href":"https:\/\/all-pets.de\/shop\/wp-json\/wp\/v2\/types\/product"}],"replies":[{"embeddable":true,"href":"https:\/\/all-pets.de\/shop\/wp-json\/wp\/v2\/comments?post=46044"}],"wp:featuredmedia":[{"embeddable":true,"href":"https:\/\/all-pets.de\/shop\/wp-json\/wp\/v2\/media\/26838"}],"wp:attachment":[{"href":"https:\/\/all-pets.de\/shop\/wp-json\/wp\/v2\/media?parent=46044"}],"wp:term":[{"taxonomy":"product_cat","embeddable":true,"href":"https:\/\/all-pets.de\/shop\/wp-json\/wp\/v2\/product_cat?post=46044"},{"taxonomy":"product_tag","embeddable":true,"href":"https:\/\/all-pets.de\/shop\/wp-json\/wp\/v2\/product_tag?post=46044"}],"curies":[{"name":"wp","href":"https:\/\/api.w.org\/{rel}","templated":true}]}}