{"id":46045,"date":"2023-12-12T10:50:44","date_gmt":"2023-12-12T09:50:44","guid":{"rendered":"https:\/\/pet-shopping.de\/shop\/produkt\/trixie-holzleiter-20-cm\/"},"modified":"2023-12-12T10:50:46","modified_gmt":"2023-12-12T09:50:46","slug":"trixie-holzleiter-20-cm","status":"publish","type":"product","link":"https:\/\/all-pets.de\/shop\/produkt\/trixie-holzleiter-20-cm\/","title":{"rendered":"Trixie Holzleiter &#8211; 20 cm"},"content":{"rendered":"<p>Leiter aus Echtholz f\u00fcr Wellensittiche, Kanarien und \u00e4hnlich gro\u00dfe Vogelarten.<\/p>\n<p>Mit 4 Sprossen.<\/p>\n<p>L\u00e4nge: ca. 20 cm (Inkl. Befestigungshaken)<br \/> Breite: ca. 7 cm<\/p>\n","protected":false},"excerpt":{"rendered":"<p>Leiter aus Echtholz f\u00fcr Wellensittiche, Kanarien und \u00e4hnlich gro\u00dfe Vogelarten. Mit 4 Sprossen. L\u00e4nge: ca. 20 cm (Inkl. Befestigungshaken) Breite: ca. 7 cm<\/p>\n","protected":false},"featured_media":26844,"comment_status":"closed","ping_status":"open","template":"","meta":[],"product_cat":[13708],"product_tag":[],"class_list":{"0":"post-46045","1":"product","2":"type-product","3":"status-publish","4":"has-post-thumbnail","6":"product_cat-vogelleitern","8":"first","9":"instock","10":"taxable","11":"shipping-taxable","12":"purchasable","13":"product-type-simple"},"_links":{"self":[{"href":"https:\/\/all-pets.de\/shop\/wp-json\/wp\/v2\/product\/46045","targetHints":{"allow":["GET"]}}],"collection":[{"href":"https:\/\/all-pets.de\/shop\/wp-json\/wp\/v2\/product"}],"about":[{"href":"https:\/\/all-pets.de\/shop\/wp-json\/wp\/v2\/types\/product"}],"replies":[{"embeddable":true,"href":"https:\/\/all-pets.de\/shop\/wp-json\/wp\/v2\/comments?post=46045"}],"wp:featuredmedia":[{"embeddable":true,"href":"https:\/\/all-pets.de\/shop\/wp-json\/wp\/v2\/media\/26844"}],"wp:attachment":[{"href":"https:\/\/all-pets.de\/shop\/wp-json\/wp\/v2\/media?parent=46045"}],"wp:term":[{"taxonomy":"product_cat","embeddable":true,"href":"https:\/\/all-pets.de\/shop\/wp-json\/wp\/v2\/product_cat?post=46045"},{"taxonomy":"product_tag","embeddable":true,"href":"https:\/\/all-pets.de\/shop\/wp-json\/wp\/v2\/product_tag?post=46045"}],"curies":[{"name":"wp","href":"https:\/\/api.w.org\/{rel}","templated":true}]}}