{"id":46050,"date":"2023-12-12T10:50:44","date_gmt":"2023-12-12T09:50:44","guid":{"rendered":"https:\/\/pet-shopping.de\/shop\/produkt\/trixie-trapezschaukel-mit-glocke-12-x-13-cm\/"},"modified":"2023-12-12T10:50:46","modified_gmt":"2023-12-12T09:50:46","slug":"trixie-trapezschaukel-mit-glocke-12-x-13-cm","status":"publish","type":"product","link":"https:\/\/all-pets.de\/shop\/produkt\/trixie-trapezschaukel-mit-glocke-12-x-13-cm\/","title":{"rendered":"Trixie Trapezschaukel mit Glocke &#8211; 12 x 13 cm"},"content":{"rendered":"<div id=\"test_product_longdesc\">\n<div>Trapezschaukel des Herstellers Trixie mit Haken zur einfachen Befestigung am K\u00e4figgitter.<\/div>\n<div> &#8211; Gr\u00f6\u00dfe: ca. 12 x 13 cm (BxH)<br \/> &#8211; Aus Holz<\/div>\n<div>&#8211; Mit Glocke<\/div>\n<\/div>\n","protected":false},"excerpt":{"rendered":"<p>Trapezschaukel des Herstellers Trixie mit Haken zur einfachen Befestigung am K\u00e4figgitter. &#8211; Gr\u00f6\u00dfe: ca. 12 x 13 cm (BxH) &#8211; Aus Holz &#8211; Mit Glocke<\/p>\n","protected":false},"featured_media":26858,"comment_status":"closed","ping_status":"open","template":"","meta":[],"product_cat":[13765],"product_tag":[],"class_list":{"0":"post-46050","1":"product","2":"type-product","3":"status-publish","4":"has-post-thumbnail","6":"product_cat-vogelschaukeln","8":"first","9":"instock","10":"taxable","11":"shipping-taxable","12":"purchasable","13":"product-type-simple"},"_links":{"self":[{"href":"https:\/\/all-pets.de\/shop\/wp-json\/wp\/v2\/product\/46050","targetHints":{"allow":["GET"]}}],"collection":[{"href":"https:\/\/all-pets.de\/shop\/wp-json\/wp\/v2\/product"}],"about":[{"href":"https:\/\/all-pets.de\/shop\/wp-json\/wp\/v2\/types\/product"}],"replies":[{"embeddable":true,"href":"https:\/\/all-pets.de\/shop\/wp-json\/wp\/v2\/comments?post=46050"}],"wp:featuredmedia":[{"embeddable":true,"href":"https:\/\/all-pets.de\/shop\/wp-json\/wp\/v2\/media\/26858"}],"wp:attachment":[{"href":"https:\/\/all-pets.de\/shop\/wp-json\/wp\/v2\/media?parent=46050"}],"wp:term":[{"taxonomy":"product_cat","embeddable":true,"href":"https:\/\/all-pets.de\/shop\/wp-json\/wp\/v2\/product_cat?post=46050"},{"taxonomy":"product_tag","embeddable":true,"href":"https:\/\/all-pets.de\/shop\/wp-json\/wp\/v2\/product_tag?post=46050"}],"curies":[{"name":"wp","href":"https:\/\/api.w.org\/{rel}","templated":true}]}}