{"id":46051,"date":"2023-12-12T10:50:44","date_gmt":"2023-12-12T09:50:44","guid":{"rendered":"https:\/\/pet-shopping.de\/shop\/produkt\/trixie-naturholz-leiter-26-cm\/"},"modified":"2023-12-12T10:50:46","modified_gmt":"2023-12-12T09:50:46","slug":"trixie-naturholz-leiter-26-cm","status":"publish","type":"product","link":"https:\/\/all-pets.de\/shop\/produkt\/trixie-naturholz-leiter-26-cm\/","title":{"rendered":"Trixie Naturholz-Leiter &#8211; 26 cm"},"content":{"rendered":"<p>Leiter aus Naturholz f\u00fcr Wellensittiche, Kanarien und \u00e4hnlich gro\u00dfe Vogelarten.<\/p>\n<p>Mit 5 Sprossen.<\/p>\n<p>L\u00e4nge: ca. 26 cm (Inkl. Befestigungshaken)<br \/> Breite: ca. 7,5 cm<\/p>\n","protected":false},"excerpt":{"rendered":"<p>Leiter aus Naturholz f\u00fcr Wellensittiche, Kanarien und \u00e4hnlich gro\u00dfe Vogelarten. Mit 5 Sprossen. L\u00e4nge: ca. 26 cm (Inkl. Befestigungshaken) Breite: ca. 7,5 cm<\/p>\n","protected":false},"featured_media":26870,"comment_status":"closed","ping_status":"open","template":"","meta":[],"product_cat":[13708],"product_tag":[],"class_list":{"0":"post-46051","1":"product","2":"type-product","3":"status-publish","4":"has-post-thumbnail","6":"product_cat-vogelleitern","8":"first","9":"instock","10":"taxable","11":"shipping-taxable","12":"purchasable","13":"product-type-simple"},"_links":{"self":[{"href":"https:\/\/all-pets.de\/shop\/wp-json\/wp\/v2\/product\/46051","targetHints":{"allow":["GET"]}}],"collection":[{"href":"https:\/\/all-pets.de\/shop\/wp-json\/wp\/v2\/product"}],"about":[{"href":"https:\/\/all-pets.de\/shop\/wp-json\/wp\/v2\/types\/product"}],"replies":[{"embeddable":true,"href":"https:\/\/all-pets.de\/shop\/wp-json\/wp\/v2\/comments?post=46051"}],"wp:featuredmedia":[{"embeddable":true,"href":"https:\/\/all-pets.de\/shop\/wp-json\/wp\/v2\/media\/26870"}],"wp:attachment":[{"href":"https:\/\/all-pets.de\/shop\/wp-json\/wp\/v2\/media?parent=46051"}],"wp:term":[{"taxonomy":"product_cat","embeddable":true,"href":"https:\/\/all-pets.de\/shop\/wp-json\/wp\/v2\/product_cat?post=46051"},{"taxonomy":"product_tag","embeddable":true,"href":"https:\/\/all-pets.de\/shop\/wp-json\/wp\/v2\/product_tag?post=46051"}],"curies":[{"name":"wp","href":"https:\/\/api.w.org\/{rel}","templated":true}]}}