{"id":46055,"date":"2023-12-12T10:50:48","date_gmt":"2023-12-12T09:50:48","guid":{"rendered":"https:\/\/pet-shopping.de\/shop\/produkt\/trixie-ungezieferspray-fuer-kleintiere-und-voegel-100-ml\/"},"modified":"2023-12-12T10:50:48","modified_gmt":"2023-12-12T09:50:48","slug":"trixie-ungezieferspray-fuer-kleintiere-und-voegel-100-ml","status":"publish","type":"product","link":"https:\/\/all-pets.de\/shop\/produkt\/trixie-ungezieferspray-fuer-kleintiere-und-voegel-100-ml\/","title":{"rendered":"Trixie Ungezieferspray f\u00fcr Kleintiere und V\u00f6gel &#8211; 100 ml"},"content":{"rendered":"<p>&#8211; nat\u00fcrliches Ungezieferpr\u00e4parat f\u00fcr V\u00f6gel und Kleintiere<br \/> &#8211; Wirkstoff: Geraniol, Kokos\u00f6l<br \/> &#8211; zur Behandlung der Umgebung des Tieres<br \/> &#8211; gegen Fl\u00f6he, Zecken, L\u00e4use und Milben<br \/> &#8211; vom LHS Institut, Wien wissenschaftlich getestet<br \/> &#8211; Inhalt: 100 ml<\/p>\n<p>Biozide sicher verwenden. Vor Gebrauch stets Kennzeichnung und Produktinformation lesen.<\/p>\n","protected":false},"excerpt":{"rendered":"<p>&#8211; nat\u00fcrliches Ungezieferpr\u00e4parat f\u00fcr V\u00f6gel und Kleintiere &#8211; Wirkstoff: Geraniol, Kokos\u00f6l &#8211; zur Behandlung der Umgebung des Tieres &#8211; gegen Fl\u00f6he, Zecken, L\u00e4use und Milben &#8211; vom LHS Institut, Wien wissenschaftlich getestet &#8211; Inhalt: 100 ml Biozide sicher verwenden. Vor Gebrauch stets Kennzeichnung und Produktinformation lesen.<\/p>\n","protected":false},"featured_media":26910,"comment_status":"closed","ping_status":"open","template":"","meta":[],"product_cat":[14280],"product_tag":[],"class_list":{"0":"post-46055","1":"product","2":"type-product","3":"status-publish","4":"has-post-thumbnail","6":"product_cat-hygiene-reinigung-hygiene-reinigungkleintierwelt-vogelwelt","8":"first","9":"instock","10":"taxable","11":"shipping-taxable","12":"purchasable","13":"product-type-simple"},"_links":{"self":[{"href":"https:\/\/all-pets.de\/shop\/wp-json\/wp\/v2\/product\/46055","targetHints":{"allow":["GET"]}}],"collection":[{"href":"https:\/\/all-pets.de\/shop\/wp-json\/wp\/v2\/product"}],"about":[{"href":"https:\/\/all-pets.de\/shop\/wp-json\/wp\/v2\/types\/product"}],"replies":[{"embeddable":true,"href":"https:\/\/all-pets.de\/shop\/wp-json\/wp\/v2\/comments?post=46055"}],"wp:featuredmedia":[{"embeddable":true,"href":"https:\/\/all-pets.de\/shop\/wp-json\/wp\/v2\/media\/26910"}],"wp:attachment":[{"href":"https:\/\/all-pets.de\/shop\/wp-json\/wp\/v2\/media?parent=46055"}],"wp:term":[{"taxonomy":"product_cat","embeddable":true,"href":"https:\/\/all-pets.de\/shop\/wp-json\/wp\/v2\/product_cat?post=46055"},{"taxonomy":"product_tag","embeddable":true,"href":"https:\/\/all-pets.de\/shop\/wp-json\/wp\/v2\/product_tag?post=46055"}],"curies":[{"name":"wp","href":"https:\/\/api.w.org\/{rel}","templated":true}]}}